{"id":16,"date":"2011-06-22T21:34:38","date_gmt":"2011-06-22T21:34:38","guid":{"rendered":"http:\/\/localhost:8888\/?page_id=16"},"modified":"2025-01-26T12:50:07","modified_gmt":"2025-01-26T03:50:07","slug":"profile","status":"publish","type":"page","link":"https:\/\/www.b-ok.de\/de\/profile\/","title":{"rendered":"Profil"},"content":{"rendered":"<div class=\"wp-block-columns is-layout-flex wp-container-core-columns-is-layout-9d6595d7 wp-block-columns-is-layout-flex\">\n<div class=\"wp-block-column is-layout-flow wp-block-column-is-layout-flow\">\n<figure class=\"wp-block-image size-large profile\"><img loading=\"lazy\" decoding=\"async\" width=\"1024\" height=\"1024\" src=\"https:\/\/www.b-ok.de\/wp-content\/uploads\/2025\/01\/BOK_Avatar-1024x1024.png\" style=\"border-radius: 15% !important\" alt=\"Bj\u00f6rn-Ole Kamm as cartoon avatar\" class=\"wp-image-9896\" srcset=\"https:\/\/www.b-ok.de\/wp-content\/uploads\/2025\/01\/BOK_Avatar-1024x1024.png 1024w, https:\/\/www.b-ok.de\/wp-content\/uploads\/2025\/01\/BOK_Avatar-300x300.png 300w, https:\/\/www.b-ok.de\/wp-content\/uploads\/2025\/01\/BOK_Avatar-150x150.png 150w, https:\/\/www.b-ok.de\/wp-content\/uploads\/2025\/01\/BOK_Avatar-768x768.png 768w, https:\/\/www.b-ok.de\/wp-content\/uploads\/2025\/01\/BOK_Avatar-1536x1536.png 1536w, https:\/\/www.b-ok.de\/wp-content\/uploads\/2025\/01\/BOK_Avatar-640x640.png 640w, https:\/\/www.b-ok.de\/wp-content\/uploads\/2025\/01\/BOK_Avatar-1200x1200.png 1200w, https:\/\/www.b-ok.de\/wp-content\/uploads\/2025\/01\/BOK_Avatar.png 2000w\" sizes=\"auto, (max-width: 1024px) 100vw, 1024px\" \/><\/figure>\n\n\n\n<h5 class=\"wp-block-heading\">Bj\u00f6rn-Ole Kamm<br><\/h5>\n\n\n\n<p><a href=\"https:\/\/www.b-ok.de\/profile\/contact\/\">Kontakt<\/a><\/p>\n\n\n\n<p><a href=\"https:\/\/www.b-ok.de\/profile\/cv\/\">CV<\/a><\/p>\n\n\n\n<p><a href=\"https:\/\/www.b-ok.de\/profile\/links\/\">Links<\/a><\/p>\n<\/div>\n\n\n\n<div class=\"wp-block-column is-layout-flow wp-block-column-is-layout-flow\">\n<p>1981 wurde ich in eine Familie von Lehrern hinein geboren und bin seither von einem gro\u00dfen Wissensdrang gepr\u00e4gt. Insbesondere das Au\u00dfergew\u00f6hnliche und das Fantastische zogen mich schon immer in ihren Bann. So war es weniger erstaunlich, dass ich in einer Zeit f\u00fcr ein Jahr als Austauschsch\u00fcler nach Japan gehen sollte, als nur wenige in Deutschland mit den kulturellen Praktiken oder der Geschichte des Landes vertraut waren; in einer Zeit, in der noch kein Tiefk\u00fchl-<em>Sushi<\/em> im Supermarkt auslag. Jedoch Zeiten und Werte \u2013 soziale Realit\u00e4ten \u2013 \u00e4ndern sich, so dass heute Japan weniger exotisch erscheint und seine <em>Manga<\/em> und <em>Anime<\/em> als Alltagsg\u00fcter. Dichotomien zwischen \u201eOst\u201c und \u201eWest\u201c bleiben jedoch trotz all der transkulturellen Verkn\u00fcpfungen.<\/p>\n<\/div>\n<\/div>\n\n\n\n<p>Wie Grenzen und in der Folge Realit\u00e4ten gemacht, aufrechterhalten und auch zerbrochen werden, ist eine Reihe von Fragen, die mich seit meiner ersten \u00dcberschreitung naturalisierter, nationaler Grenzen begleitet haben. Ich versuche mich auf zwei Wegen der Produktion und Performanz von Realit\u00e4ten anzun\u00e4hern. Erstens als K\u00fcnstler: durch Zeichnungen, Rollenspiel und Kurzgeschichten konstruiere ich meine eigenen Realit\u00e4ten und definiere, was in meiner Sch\u00f6pfung real ist und was nicht.<\/p>\n\n\n\n<p>Zweitens als Forscher: Ich m\u00f6chte die Dinge von verschiedenen Blickwinkeln aus betrachten. Als Insider sowie als Outsider \u2013 weil die Art und Weise, wie Realit\u00e4ten im Falle des letzteren geschaffen und aufrechterhalten werden, nicht unbedingt die gleichen f\u00fcr den ersteren sein m\u00fcssen, auch wenn beide Realit\u00e4ten teilweise miteinander verbunden sind. In meinen <a href=\"https:\/\/www.b-ok.de\/research\/\">Studien \u00fcber Mediennutzung und Geschlecht sowie \u00fcber Rollenspiele<\/a> nehme ich oft beide Positionen ein, wiederum teilweise.<\/p>\n\n\n\n<p>Nach Abschluss des Magisterstudiums der Japanologie und Medienwissenschaft an der <a href=\"https:\/\/www.uni-leipzig.de\/\" target=\"_blank\" rel=\"noreferrer noopener\">Universit\u00e4t Leipzig<\/a> lebte und arbeitete ich f\u00fcr ein Jahr in der Stadt Ichinomiya, die in der N\u00e4he von Nagoya und somit in der Aichi-Pr\u00e4fektur gelegen ist, wo die Expo 2005 abgehalten wurde. Ich war als Koordinator f\u00fcr Internationale Beziehungen (CIR) Teilnehmer am&nbsp;<a rel=\"noreferrer noopener\" href=\"https:\/\/www.jetprogramme.org\/\" target=\"_blank\">JET-Programm<\/a>, was mir u.a. die M\u00f6glichkeit bot, erste eigene Seminare zu halten. In dieser Zeit begann ich bereits mit den Vorbereitungen meiner Dissertation.<\/p>\n\n\n\n<p>2010 unternahm ich als Stipendiat des <a rel=\"noreferrer noopener\" href=\"https:\/\/www.dijtokyo.org\/\" target=\"_blank\">Deutschen Instituts f\u00fcr Japanstudien Tokyo<\/a> die erste Feldforschungsphase im Zuge meines Dissertationsprojekts. Ein ebenso internationales und fruchtbares Umfeld f\u00fcr meine Forschung wie das Institut bot mir ab 2011 der Cluster of Excellence \u201e<a rel=\"noreferrer noopener\" href=\"https:\/\/www.asia-europe.uni-heidelberg.de\/\" target=\"_blank\">Asia and Europe in a Global Context<\/a>\u201d an der Universit\u00e4t Heidelberg, wo ich auch bis November 2012 als Koordinator der Research Area \u201eWissenssysteme\u201d besch\u00e4ftigt war.<\/p>\n\n\n\n<p>Von November 2012 bis Februar 2013 war ich als Research Fellow am <a rel=\"noreferrer noopener\" href=\"https:\/\/www.gcoe-intimacy.jp\/\" target=\"_blank\">Global Center of Excellence for \u201eReconstruction of the Intimate and Public Spheres in 21st Century Asia\u201d<\/a> der Universit\u00e4t Kyoto.<\/p>\n\n\n\n<p>Von&nbsp;Anfang 2013 bis M\u00e4rz 2015 war ich wieder am Cluster of Excellence \u201e<a rel=\"noreferrer noopener\" href=\"https:\/\/www.asia-europe.uni-heidelberg.de\/\" target=\"_blank\">Asia and Europe in a Global Context<\/a>\u201d, wo ich&nbsp;als Akademischer Mitarbeiter das&nbsp;Graduiertenprogramm f\u00fcr Transkulturelle Studien ko-koordinierte und f\u00fcr dessen Lekt\u00fcrekurs und Kolloquium verantwortlich zeichnete.<\/p>\n\n\n\n<p>Im M\u00e4rz&nbsp;2015 verteidigte ich meine Dissertation (ver\u00f6ffentlicht im Verlag Palgrave Macmillan in 2020) und&nbsp;trat umgehend eine Stelle als Project-Specific Senior Lecturer an der Graduate School of Letters der&nbsp;<a rel=\"noreferrer noopener\" href=\"https:\/\/www.kyoto-u.ac.jp\/en\" target=\"_blank\">Kyoto University<\/a>&nbsp;an. Neben Forschung und Lehre schloss meine Arbeit dabei die Vorbereitung und Einrichtung eines neuen Joint Degree Masterprogramms in <a rel=\"noreferrer noopener\" href=\"https:\/\/www.cats.bun.kyoto-u.ac.jp\/jdts\/\" target=\"_blank\">Transcultural Studies<\/a> ein. Dieses neue Hauptfach wurde im Oktober 2017 offiziell eingerichtet und im Dezember des selben Jahres wurde ich als Junior Associate Professor (tenured) in der Funktion des Programmkoordinators entfristet. Ich setze meine Studien \u00fcber kulturelle Prozesse der Organisation von Differenz fort (Langform zu \u201eTranskulturellen Studien\u201d) und bin derzeit der Leiter eines von der <a rel=\"noreferrer noopener\" href=\"https:\/\/kaken.nii.ac.jp\/grant\/KAKENHI-PROJECT-19KT0028\/\" target=\"_blank\">JSPS finanzierten Projekts<\/a>, das sich mit den M\u00f6glichkeiten von Live-Rollenspielen (Larp) besch\u00e4ftigt, um Forschung in eine erfahrbare Form zu \u00fcbersetzen.<\/p>","protected":false},"excerpt":{"rendered":"<p>Bj\u00f6rn-Ole Kamm Kontakt CV Links 1981 wurde ich in eine Familie von Lehrern hinein&#8230; <a class=\"read-more\" href=\"https:\/\/www.b-ok.de\/de\/profile\/\">Read More<\/a><\/p>\n","protected":false},"author":3,"featured_media":0,"parent":0,"menu_order":4,"comment_status":"closed","ping_status":"open","template":"","meta":{"jetpack_post_was_ever_published":false,"footnotes":""},"class_list":["post-16","page","type-page","status-publish","hentry"],"jetpack_shortlink":"https:\/\/wp.me\/P2XtUo-g","jetpack_likes_enabled":true,"jetpack_sharing_enabled":true,"_links":{"self":[{"href":"https:\/\/www.b-ok.de\/de\/wp-json\/wp\/v2\/pages\/16","targetHints":{"allow":["GET"]}}],"collection":[{"href":"https:\/\/www.b-ok.de\/de\/wp-json\/wp\/v2\/pages"}],"about":[{"href":"https:\/\/www.b-ok.de\/de\/wp-json\/wp\/v2\/types\/page"}],"author":[{"embeddable":true,"href":"https:\/\/www.b-ok.de\/de\/wp-json\/wp\/v2\/users\/3"}],"replies":[{"embeddable":true,"href":"https:\/\/www.b-ok.de\/de\/wp-json\/wp\/v2\/comments?post=16"}],"version-history":[{"count":29,"href":"https:\/\/www.b-ok.de\/de\/wp-json\/wp\/v2\/pages\/16\/revisions"}],"predecessor-version":[{"id":9911,"href":"https:\/\/www.b-ok.de\/de\/wp-json\/wp\/v2\/pages\/16\/revisions\/9911"}],"wp:attachment":[{"href":"https:\/\/www.b-ok.de\/de\/wp-json\/wp\/v2\/media?parent=16"}],"curies":[{"name":"wp","href":"https:\/\/api.w.org\/{rel}","templated":true}]}}