{"id":175,"date":"2011-07-09T15:05:25","date_gmt":"2011-07-09T15:05:25","guid":{"rendered":"http:\/\/www.b-ok.de\/wp\/?page_id=175"},"modified":"2020-06-18T15:16:52","modified_gmt":"2020-06-18T06:16:52","slug":"imprint","status":"publish","type":"page","link":"https:\/\/www.b-ok.de\/de\/imprint\/","title":{"rendered":"Impressum"},"content":{"rendered":"<strong>Inhaltlich Verantwortlicher gem\u00e4\u00df \u00a76 MDStV<\/strong>:<br>\nBj\u00f6rn-Ole Kamm<br>\n<a title=\"Kontact\" href=\"https:\/\/www.b-ok.de\/de\/profile\/contact\/\">Kontakt<\/a><br>\n<a href=\"https:\/\/www.b-ok.de\/privacy-policy\/\">Datenschutzerkl\u00e4rung<\/a><\/p>\n\n\n\n<p><strong>Copyright<\/strong><br>\nAlle auf dieser Website ver\u00f6ffentlichten Inhalte (Layout, Texte, Bilder, Grafiken usw.) unterliegen dem Urheberrecht. Jede vom Urheberrechtsgesetz nicht zugelassene Verwertung bedarf vorheriger ausdr\u00fccklicher Zustimmung. Dies gilt insbesondere f\u00fcr Vervielf\u00e4ltigung, Bearbeitung, \u00dcbersetzung, Einspeicherung, Verarbeitung bzw. Wiedergabe von Inhalten in Datenbanken oder anderen elektronischen Medien und Systemen. Fotokopien und Downloads von Web-Seiten f\u00fcr den privaten, wissenschaftlichen und nicht kommerziellen Gebrauch d\u00fcrfen hergestellt werden. Ich erlaube ausdr\u00fccklich das Zitieren meiner Dokumente und Webseiten sowie das Setzen von Links auf meine Website.<\/p>\n\n\n\n<p><strong>Haftungsausschluss bei eigenen Inhalten<\/strong><br>\nDie Inhalte dieser Website werden mit gr\u00f6\u00dftm\u00f6glicher Sorgfalt recherchiert und implementiert. Fehler im Bearbeitungsvorgang sind dennoch nicht auszuschlie\u00dfen. Eine Haftung f\u00fcr die Richtigkeit, Vollst\u00e4ndigkeit und Aktualit\u00e4t dieser Webseiten kann trotz sorgf\u00e4ltiger Pr\u00fcfung nicht \u00fcbernommen werden. Ich \u00fcbernehme insbesondere keinerlei Haftung f\u00fcr eventuelle Sch\u00e4den oder Konsequenzen, die durch die direkte oder indirekte Nutzung der angebotenen Inhalte entstehen.<\/p>\n\n\n\n<p><strong>Haftungsausschluss bei Querverweisen und Links<\/strong><br>\nIch bin als Inhaltsanbieter f\u00fcr die eigenen Inhalte, die sie zur Nutzung bereith\u00e4lt, nach den allgemeinen Gesetzen verantwortlich. Von diesen eigenen Inhalten sind Querverweise (\u201cLinks\u201d) auf die von anderen Anbietern bereitgehaltenen Inhalte zu unterscheiden. Die Inhalte fremder Seiten, auf die mittels Links verwiesen wird, dienen lediglich der Information und der Darstellung von Zusammenh\u00e4ngen. Sie spiegeln nicht meine Meinung wider, noch habe ich die M\u00f6glichkeit, den Inhalt von Seiten Dritter zu beeinflussen.<br>\nDiese Feststellungen gelten f\u00fcr alle innerhalb des eigenen Internetangebotes gesetzten Links und Verweise. F\u00fcr illegale, fehlerhafte oder unvollst\u00e4ndige Inhalte und insbesondere f\u00fcr Sch\u00e4den, die aus der Nutzung oder Nichtnutzung solcherart dargebotener Informationen entstehen, haftet allein der Anbieter der Seite, auf welche verwiesen wurde.","protected":false},"excerpt":{"rendered":"<p>Inhaltlich Verantwortlicher gem\u00e4\u00df \u00a76 MDStV: Bj\u00f6rn-Ole Kamm Kontakt Datenschutzerkl\u00e4rung Copyright Alle auf dieser Website&#8230; <a class=\"read-more\" href=\"https:\/\/www.b-ok.de\/de\/imprint\/\">Read More<\/a><\/p>\n","protected":false},"author":3,"featured_media":0,"parent":0,"menu_order":1,"comment_status":"closed","ping_status":"open","template":"","meta":{"jetpack_post_was_ever_published":false,"footnotes":""},"class_list":["post-175","page","type-page","status-publish","hentry"],"jetpack_shortlink":"https:\/\/wp.me\/P2XtUo-2P","jetpack_likes_enabled":true,"jetpack_sharing_enabled":true,"_links":{"self":[{"href":"https:\/\/www.b-ok.de\/de\/wp-json\/wp\/v2\/pages\/175","targetHints":{"allow":["GET"]}}],"collection":[{"href":"https:\/\/www.b-ok.de\/de\/wp-json\/wp\/v2\/pages"}],"about":[{"href":"https:\/\/www.b-ok.de\/de\/wp-json\/wp\/v2\/types\/page"}],"author":[{"embeddable":true,"href":"https:\/\/www.b-ok.de\/de\/wp-json\/wp\/v2\/users\/3"}],"replies":[{"embeddable":true,"href":"https:\/\/www.b-ok.de\/de\/wp-json\/wp\/v2\/comments?post=175"}],"version-history":[{"count":1,"href":"https:\/\/www.b-ok.de\/de\/wp-json\/wp\/v2\/pages\/175\/revisions"}],"predecessor-version":[{"id":7970,"href":"https:\/\/www.b-ok.de\/de\/wp-json\/wp\/v2\/pages\/175\/revisions\/7970"}],"wp:attachment":[{"href":"https:\/\/www.b-ok.de\/de\/wp-json\/wp\/v2\/media?parent=175"}],"curies":[{"name":"wp","href":"https:\/\/api.w.org\/{rel}","templated":true}]}}