{"id":2055,"date":"2017-04-03T16:54:11","date_gmt":"2017-04-03T07:54:11","guid":{"rendered":"http:\/\/www.b-ok.de\/?page_id=2055"},"modified":"2025-06-27T13:39:14","modified_gmt":"2025-06-27T04:39:14","slug":"vsc_larp","status":"publish","type":"page","link":"https:\/\/www.b-ok.de\/de\/vsc_larp\/","title":{"rendered":"Larp \u2014 Village, Shelter, Comfort"},"content":{"rendered":"<p><em>Larpwright<\/em>: Bj\u00f6rn-Ole Kamm<br><em>In cooperation with<\/em>: Kat\u014d K\u014dhei, CLOSS Larp<\/p>\r\n\r\n\r\n\r\n<h4 class=\"wp-block-heading\"><strong>N\u00e4chster Termin<\/strong><\/h4>\r\n\r\n\r\n\r\n<p>Ank\u00fcndigung folgt<\/p>\r\n\r\n\r\n\r\n<h4 class=\"wp-block-heading\">Theme<\/h4>\r\n\r\n\r\n\r\n<p>This is a larp about feelings of comfort and safety pitched against the necessity to leave the source of these emotions behind. Dealing with the question of leaving the familiar or staying behind, the larp moves from the fantastic to the everyday in three scenarios, a remote pseudo-medieval village facing a plague, a post-apocalyptic shelter running out of resources, and a single room, in which the different mental and emotional faculties of a single person are faced with suddenly diminishing comfort. How would you choose? The known threat or the unknown salvation?<\/p>\r\n\r\n\r\n\r\n<h4 class=\"wp-block-heading\">Facts<\/h4>\r\n\r\n\r\n\r\n<p>Genre: Abstract to absurd realism<br>Duration: 5.5 hours<br>Actual play time: 3.5 hours<br>Number of participants (min-max): 3-7 (always an odd number)<br>Playing style: Realistic, but with plenty of improvisation<\/p>\r\n\r\n\r\n\r\n<h3 class=\"wp-block-heading\">What is larp?<\/h3>\r\n\r\n\r\n\r\n<p>Larp is originally an acronym for Live Action Role Playing, but today it\u2019s used as a name in itself. It refers to a type of interactive game or storytelling in which the players assume a role and act as a character within the set fiction. It can be described as a combination of theater without an audience, shared narrative construction, and game-like challenges.<br>There are may different traditions and genres of larp, the best-known and globally most popular are fantasy events with hundreds, if not thousands of players enacting worlds similar to MiddleEarth and horror events where players either fight zombies or hunt for prey themselves as vampires.<br>\u201cVillage, Shelter, Comfort\u201d belongs to the artistic, educational, and often political tradition commonly referred to as \u201cNordic larp,\u201d as this style emerged in the Scandinavian countries. This tradition \u201cviews larp as a valid form of expression, worthy of debate, analysis and continuous experimentation, which emerged around the Knutepunkt convention. It typically values thematic coherence, continuous illusion, action and immersion, while keeping the larp co-creative and its production uncommercial. Workshops and debriefs are common.\u201d (Stenros, Nordic Larp Talks 2013).<\/p>\r\n\r\n\r\n\r\n<h3 class=\"wp-block-heading\">What will you do during this larp?<\/h3>\r\n\r\n\r\n\r\n<p>First, you will receive information about the larp\u2019s background, about how it is played, about safety and co-creation through improvisation. You will then receive or pick a character (e.g., a town\u2019s mayor or its priest), give it a name, think about its relationship to the other characters, and lastly play this character in a scenario of six scenes. Each scene will more or less center on the discussion between the characters. In the final scene you will have to make a decision about the dilemma you are presented with in the previous scenes. After a short break, you will repeat these steps for the other two scenarios (the post-apocalyptic shelter and the contemporary room).<br>This larp is not about making the correct decision, gaining a level or winning. It is about collaboratively creating a story and experiencing a given dilemma.<br>Thus, the larp includes a debriefing where all participants talk about their experience during the larp. If time permits, this would include a new visualization technique developed for such a debriefing.<\/p>\r\n\r\n\r\n\r\n<p><\/p>\r\n\r\n\r\n\r\n<hr class=\"wp-block-separator has-text-color has-background\" style=\"background-color:#597eaa;color:#597eaa\"\/>\r\n\r\n\r\n\r\n<h4 class=\"wp-block-heading\">Design Document &amp; Resources<\/h4>\r\n\r\n\r\n\r\n<p style=\"background-color:#597eaa;color:#ffffff\" class=\"has-text-color has-background\"><strong>Design Document <\/strong><\/p>\r\n\r\n\r\n\r\n<div class=\"wp-block-columns is-layout-flex wp-container-core-columns-is-layout-9d6595d7 wp-block-columns-is-layout-flex\">\r\n<div class=\"wp-block-column is-layout-flow wp-block-column-is-layout-flow\">\r\n<p style=\"color:#597eaa\" class=\"has-text-color has-text-align-center\"><a href=\"https:\/\/www.b-ok.de\/download\/VSC_Larp_DesignDocument_en_201705.pdf\" target=\"_blank\" rel=\"noreferrer noopener\">Englische Version<\/a><\/p>\r\n<\/div>\r\n\r\n\r\n\r\n<div class=\"wp-block-column is-layout-flow wp-block-column-is-layout-flow\">\r\n<p style=\"color:#597eaa\" class=\"has-text-color has-text-align-center\"><a href=\"https:\/\/www.b-ok.de\/download\/VSC_Larp_DesignDocument_jp_201705.pdf\" target=\"_blank\" rel=\"noreferrer noopener\">Japanische Version<\/a><\/p>\r\n<\/div>\r\n<\/div>\r\n\r\n\r\n\r\n<p style=\"background-color:#597eaa;color:#ffffff\" class=\"has-text-color has-background\"><strong>Resources<\/strong><\/p>\r\n\r\n\r\n\r\n<div class=\"wp-block-columns is-layout-flex wp-container-core-columns-is-layout-9d6595d7 wp-block-columns-is-layout-flex\">\r\n<div class=\"wp-block-column is-layout-flow wp-block-column-is-layout-flow\">\r\n<p style=\"color:#597eaa\" class=\"has-text-color has-text-align-center\"><a rel=\"noreferrer noopener\" href=\"https:\/\/www.b-ok.de\/download\/VSC_Larp_Characters_print_en.pdf\" target=\"_blank\">Character Sheets (EN)<\/a><\/p>\r\n\r\n\r\n\r\n<p style=\"color:#597eaa\" class=\"has-text-color has-text-align-center\"><\/p>\r\n\r\n\r\n\r\n<p style=\"color:#597eaa\" class=\"has-text-color has-text-align-center\"><a href=\"https:\/\/www.b-ok.de\/download\/VSC_Larp_sounds.zip\" target=\"_blank\" rel=\"noreferrer noopener\">Sound Effects<\/a><\/p>\r\n\r\n\r\n\r\n<p style=\"color:#597eaa\" class=\"has-text-color has-text-align-center\"><a href=\"https:\/\/www.b-ok.de\/download\/VSC_Larp_Village_map.pdf\" target=\"_blank\" rel=\"noreferrer noopener\"><\/a><\/p>\r\n\r\n\r\n\r\n<p style=\"color:#597eaa\" class=\"has-text-color has-text-align-center\"><a rel=\"noreferrer noopener\" href=\"https:\/\/www.b-ok.de\/download\/VSC_Larp_BookLaw_en.epub\" target=\"_blank\">Scenario 2 &#8211; Book of Law (EN)<\/a><\/p>\r\n\r\n\r\n\r\n<p style=\"color:#597eaa\" class=\"has-text-color has-text-align-center\"><\/p>\r\n\r\n\r\n\r\n<p style=\"color:#597eaa\" class=\"has-text-color has-text-align-center\"><a rel=\"noreferrer noopener\" href=\"https:\/\/www.b-ok.de\/download\/VSC_Larp_tabletags_en.pdf\" target=\"_blank\">Scenario 2 &#8211; Tabletags (EN)<\/a><\/p>\r\n\r\n\r\n\r\n<p style=\"color:#597eaa\" class=\"has-text-color has-text-align-center\"><\/p>\r\n<\/div>\r\n\r\n\r\n\r\n<div class=\"wp-block-column is-layout-flow wp-block-column-is-layout-flow\">\r\n<p style=\"color:#597eaa\" class=\"has-text-color has-text-align-center\"><a href=\"https:\/\/www.b-ok.de\/download\/VSC_Larp_Shelter_produce.pdf\" target=\"_blank\" rel=\"noreferrer noopener\"><\/a><\/p>\r\n\r\n\r\n\r\n<p style=\"color:#597eaa\" class=\"has-text-color has-text-align-center\"><a rel=\"noreferrer noopener\" href=\"https:\/\/www.b-ok.de\/download\/VSC_Larp_Room_resources_en.pdf\" target=\"_blank\">Scenario 3 &#8211; Snacks &amp; Food (EN)<\/a><\/p>\r\n\r\n\r\n\r\n<p style=\"color:#597eaa\" class=\"has-text-color has-text-align-center\"><\/p>\r\n\r\n\r\n\r\n<p style=\"color:#597eaa\" class=\"has-text-color has-text-align-center\"><a rel=\"noreferrer noopener\" href=\"https:\/\/www.b-ok.de\/download\/VSC_Larp_ChatApp_en.zip\" target=\"_blank\">Scenario 3 &#8211; Chat App (EN)<\/a><\/p>\r\n\r\n\r\n\r\n<p style=\"color:#597eaa\" class=\"has-text-color has-text-align-center\"><\/p>\r\n\r\n\r\n\r\n<p style=\"color:#597eaa\" class=\"has-text-color has-text-align-center\"><a rel=\"noreferrer noopener\" href=\"https:\/\/www.b-ok.de\/download\/VSC_Larp_Router_en.zip\" target=\"_blank\">Scenario 3 &#8211; Router Website (EN)<\/a><\/p>\r\n\r\n\r\n\r\n<p style=\"color:#597eaa\" class=\"has-text-color has-text-align-center\"><\/p>\r\n<\/div>\r\n<\/div>","protected":false},"excerpt":{"rendered":"<p>Larpwright: Bj\u00f6rn-Ole KammIn cooperation with: Kat\u014d K\u014dhei, CLOSS Larp N\u00e4chster Termin Ank\u00fcndigung folgt Theme&#8230; <a class=\"read-more\" href=\"https:\/\/www.b-ok.de\/de\/vsc_larp\/\">Read More<\/a><\/p>\n","protected":false},"author":3,"featured_media":7736,"parent":0,"menu_order":0,"comment_status":"closed","ping_status":"open","template":"","meta":{"jetpack_post_was_ever_published":false,"footnotes":""},"class_list":["post-2055","page","type-page","status-publish","has-post-thumbnail","hentry"],"jetpack_shortlink":"https:\/\/wp.me\/P2XtUo-x9","jetpack_likes_enabled":true,"jetpack_sharing_enabled":true,"_links":{"self":[{"href":"https:\/\/www.b-ok.de\/de\/wp-json\/wp\/v2\/pages\/2055","targetHints":{"allow":["GET"]}}],"collection":[{"href":"https:\/\/www.b-ok.de\/de\/wp-json\/wp\/v2\/pages"}],"about":[{"href":"https:\/\/www.b-ok.de\/de\/wp-json\/wp\/v2\/types\/page"}],"author":[{"embeddable":true,"href":"https:\/\/www.b-ok.de\/de\/wp-json\/wp\/v2\/users\/3"}],"replies":[{"embeddable":true,"href":"https:\/\/www.b-ok.de\/de\/wp-json\/wp\/v2\/comments?post=2055"}],"version-history":[{"count":2,"href":"https:\/\/www.b-ok.de\/de\/wp-json\/wp\/v2\/pages\/2055\/revisions"}],"predecessor-version":[{"id":10016,"href":"https:\/\/www.b-ok.de\/de\/wp-json\/wp\/v2\/pages\/2055\/revisions\/10016"}],"wp:featuredmedia":[{"embeddable":true,"href":"https:\/\/www.b-ok.de\/de\/wp-json\/wp\/v2\/media\/7736"}],"wp:attachment":[{"href":"https:\/\/www.b-ok.de\/de\/wp-json\/wp\/v2\/media?parent=2055"}],"curies":[{"name":"wp","href":"https:\/\/api.w.org\/{rel}","templated":true}]}}