{"id":40,"date":"2011-06-23T09:35:36","date_gmt":"2011-06-23T09:35:36","guid":{"rendered":"http:\/\/www.b-ok.de\/wp\/?page_id=40"},"modified":"2020-06-18T15:16:52","modified_gmt":"2020-06-18T06:16:52","slug":"storytelling","status":"publish","type":"page","link":"https:\/\/www.b-ok.de\/de\/art\/storytelling\/","title":{"rendered":"Geschichten"},"content":{"rendered":"<p>Verschiedene \u201eWelten\u201d bilden die Schaupl\u00e4tze f\u00fcr mein Geschichtenerz\u00e4hlen \u2013 sei es als Spielleiter (SL) oder Erz\u00e4hler in einem Rollenspiel oder als Autor von Kurzgeschichten \u00fcber meine Lieblingscharaktere. Eine meiner l\u00e4ngsten Kampagnen spielte auf der Insel Lodoss (Record of Lodoss War). W\u00e4hrend diese Spielabende zwar die besten waren, die ich erlebt habe, werde ich sie hier aus Urheberrechtsgr\u00fcnden nicht ver\u00f6ffentlichen.<\/p>\n\n\n\n<p>W\u00e4hlen Sie einfach eine der Welten aus, um mehr dar\u00fcber zu erfahren, Chrakterbeschreibungen oder Kurzgeschichten zu lesen.<\/p>\n\n\n\n<p><a title=\"Ighrind\" href=\"https:\/\/www.b-ok.de\/de\/art\/storytelling\/ighrind\/\">Ighrind<\/a> &#8211; meine neueste Welt; Heimat von D\u00e4monen und ewigen Eisst\u00fcrmen.<br>\n<a title=\"AlThai\" href=\"https:\/\/www.b-ok.de\/de\/art\/storytelling\/althai\/\">AlThai <\/a>&#8211; die Herzwelt meines Multiversums; hier leben die \u00dcberg\u00f6tter.<br>\n<a title=\"Kora\u2019esh\" href=\"https:\/\/www.b-ok.de\/de\/art\/storytelling\/koraesh\/\">Kora\u2019esh<\/a> &#8211; auf dem Mond AlThais f\u00fchren die Menschen den Krieg gegen das Ende der Existenz fort.<\/p>","protected":false},"excerpt":{"rendered":"<p>Verschiedene \u201eWelten\u201d bilden die Schaupl\u00e4tze f\u00fcr mein Geschichtenerz\u00e4hlen \u2013 sei es als Spielleiter (SL)&#8230; <a class=\"read-more\" href=\"https:\/\/www.b-ok.de\/de\/art\/storytelling\/\">Read More<\/a><\/p>\n","protected":false},"author":3,"featured_media":7768,"parent":8,"menu_order":2,"comment_status":"closed","ping_status":"open","template":"","meta":{"jetpack_post_was_ever_published":false,"footnotes":""},"class_list":["post-40","page","type-page","status-publish","has-post-thumbnail","hentry"],"jetpack_shortlink":"https:\/\/wp.me\/P2XtUo-E","jetpack_likes_enabled":true,"jetpack_sharing_enabled":true,"_links":{"self":[{"href":"https:\/\/www.b-ok.de\/de\/wp-json\/wp\/v2\/pages\/40","targetHints":{"allow":["GET"]}}],"collection":[{"href":"https:\/\/www.b-ok.de\/de\/wp-json\/wp\/v2\/pages"}],"about":[{"href":"https:\/\/www.b-ok.de\/de\/wp-json\/wp\/v2\/types\/page"}],"author":[{"embeddable":true,"href":"https:\/\/www.b-ok.de\/de\/wp-json\/wp\/v2\/users\/3"}],"replies":[{"embeddable":true,"href":"https:\/\/www.b-ok.de\/de\/wp-json\/wp\/v2\/comments?post=40"}],"version-history":[{"count":1,"href":"https:\/\/www.b-ok.de\/de\/wp-json\/wp\/v2\/pages\/40\/revisions"}],"predecessor-version":[{"id":7959,"href":"https:\/\/www.b-ok.de\/de\/wp-json\/wp\/v2\/pages\/40\/revisions\/7959"}],"up":[{"embeddable":true,"href":"https:\/\/www.b-ok.de\/de\/wp-json\/wp\/v2\/pages\/8"}],"wp:featuredmedia":[{"embeddable":true,"href":"https:\/\/www.b-ok.de\/de\/wp-json\/wp\/v2\/media\/7768"}],"wp:attachment":[{"href":"https:\/\/www.b-ok.de\/de\/wp-json\/wp\/v2\/media?parent=40"}],"curies":[{"name":"wp","href":"https:\/\/api.w.org\/{rel}","templated":true}]}}