{"id":662,"date":"2012-09-30T22:10:07","date_gmt":"2012-09-30T20:10:07","guid":{"rendered":"http:\/\/www.b-ok.de\/?page_id=662"},"modified":"2020-06-18T15:16:52","modified_gmt":"2020-06-18T06:16:52","slug":"ighrind","status":"publish","type":"page","link":"https:\/\/www.b-ok.de\/de\/art\/storytelling\/ighrind\/","title":{"rendered":"Ighrind"},"content":{"rendered":"<p>Dies ist meine neueste Welt, die ich eigentlich nur als Hintergrund f\u00fcr einen NSC (Nicht-Spielercharakter), n\u00e4mlich Ma\u00eblle meiner Lodoss-Kamapgne, entwarf. Einen Kurz\u00fcberblick \u00fcber die Welt gibt es <a title=\"Ighrind Kurzbeschreibung\" href=\"https:\/\/www.b-ok.de\/wp-content\/uploads\/2012\/09\/ighrind.pdf\" target=\"_blank\" rel=\"noopener noreferrer\">hier<\/a>!<em><\/em><\/p>\n\n\n\n<p><em><a title=\"Ighrind \u2013 Glossar\" href=\"https:\/\/www.b-ok.de\/de\/art\/storytelling\/ighrind\/glossary\/\">Glossar<\/a><\/em><br>\nCharaktere<br>\n<a title=\"Ighrind \u2013 Stories\" href=\"https:\/\/www.b-ok.de\/de\/art\/storytelling\/ighrind\/stories\/\">Stories<\/a><\/p>\n\n\n\n<h2 class=\"wp-block-heading\">Ighrind Einf\u00fchrung<\/h2>\n\n\n\n<p>Die als ,Ighrind\u2018 bekannte Welt ist ein rauer Brocken Erde, eingeh\u00fcllt in ein Laken aus Eis und frostigen Winden. Doch diese Welt war nicht immer solch ein dunkler und lebensfeindlicher Ort. Ighrind war einst eine mehr oder minder durchschnittliche Welt mit zwei gro\u00dfen Kontinenten, einer sch\u00f6nen Flora und Fauna sowie ein paar pr\u00e4historischen Zivilisationen. Wie kam es aber, dass diese Welt in den Klauen ewigen Eises gefangen war?<\/p>\n\n\n\n<p>Vor mehr als 6.000 Jahren kam der G\u00f6tterkrieg zwischen Ain, dem Gott der Sonne, und Aon, der G\u00f6ttin der Nacht, zu einem bitteren Ende. Aon, deren Verehrer die Ains tausendfach an Zahl \u00fcbertrafen, erschlug den Sonnengott in der finalen und t\u00f6dlichen Schlacht in den Himmeln. Die Sonne explodierte und der sterbende, aber weiterhin unertr\u00e4glich hei\u00dfe K\u00f6rper des Gottes st\u00fcrzte auf die n\u00f6rdliche Hemisph\u00e4re Ighrinds, alles Leben mit seinen letzten feurigen Atemz\u00fcgen versengend. Aon, selbst schwer verwundet, folgte ihrem Widersacher und fiel auf die zerst\u00f6rte und verbrannte Erde. Ihr K\u00f6rper aus Eis bedeckte fast den gesamten Kontinent, w\u00e4hrend ihr gefrierend kaltes Blut den Rest des gefolterten Landes \u00fcberflutete.<\/p>\n\n\n\n<div class=\"wp-block-image\"><figure class=\"alignleft\"><a href=\"https:\/\/www.b-ok.de\/wp-content\/uploads\/2012\/09\/ighrind_map.jpg\"><img loading=\"lazy\" decoding=\"async\" width=\"304\" height=\"295\" src=\"https:\/\/www.b-ok.de\/wp-content\/uploads\/2012\/09\/ighrind_map.jpg\" alt=\"\" class=\"wp-image-665\" title=\"Map of Ighrind\" srcset=\"https:\/\/www.b-ok.de\/wp-content\/uploads\/2012\/09\/ighrind_map.jpg 304w, https:\/\/www.b-ok.de\/wp-content\/uploads\/2012\/09\/ighrind_map-300x291.jpg 300w\" sizes=\"auto, (max-width: 304px) 100vw, 304px\" \/><\/a><\/figure><\/div>\n\n\n\n<p>Zwar fast als unm\u00f6glich zu betrachten, so gab es dennoch \u00dcberlebende. In den Adern der meisten floss jedoch daimonischer Ichor \u2014 ein entscheidender Faktor f\u00fcr die weitere Entwicklung der Welt. Vor unz\u00e4hligen \u00c4onen, bevor die G\u00f6tter kamen, existierten die Dunklen Tr\u00e4umer &#8211; Wesenheiten geboren aus der All-Finsternis, die vor der Sch\u00f6pfung war und deren Unterbau bildet. Als diese finsteren Geister empor blickten, sahen sie die Sch\u00f6pfung und tr\u00e4umten von ihrer Zerst\u00f6rung. Jedoch konnten sie nicht durch den Schleier der Schatten greifen, der sie von der Welt der Sterblichen trennt. Sie entdeckten aber, dass sie sich im Umbra manifestieren konnten, wenn sie das planare Gewebe mit ihrer dunklen Essenz tr\u00e4nkten. Dies war die Geburtsstunde der ersten Wahren Daivas oder Erzdaimonen. Diese Kreaturen waren keine Verk\u00f6rperungen der Dunklen Tr\u00e4umer &#8211; oder Dunkle Sch\u00f6pfer, wie Daimonen sie nennen \u2014 sondern ihrer Selbst bewusste Wesen, Aspekte so zu sagen. Jeder dieser Daimonenahnen ist einzigartig und verk\u00f6rpert die Eigenschaften und Ambitionen seines entsprechenden Sch\u00f6pfers. Diese dunklen Sch\u00e4nder und Zerst\u00f6rer erkannten den Tod der beiden Hauptgottheiten als ihre Gelegenheit und ergriffen diese.<\/p>\n\n\n\n<p>Ihre Hilfe den verendenden Sterblichen anbietend war es den wahren Daivas m\u00f6glich, lebende Nachfahren zu zeugen. Das menschliche oder elbische Erbe ging mit Ausnahme der k\u00f6rperlichen Gestalt fast v\u00f6llig verloren, so dass diese neuen Kreaturen echte Daimonen waren, die ihre Eigenschaften mit ihren daimonischen Ahnen teilten. Diese Daimonen waren fortpflanzungsf\u00e4hig und fruchtbar, so das sie der Anfang der m\u00e4chtigen daimonischen Familien wurden, die alle auf einen der Wahren Daivas zur\u00fcckgehen. Alle daimonischen Familien umfassen unsterbliche Daivas \u2014 entweder direkte Nachfahren der Daimonenahnen oder Kinder zweier ,niedrigerer\u2018 Daimonen \u2014 und Wesen, die das Ergebnis der Vermischung von sterblichem und daimonischem Fleisches sind. Heute gibt es kaum noch Sterbliche, die keine Anzeichen daimonischen Erbes zeigen.<\/p>\n\n\n\n<p>Einige hundert Jahre nach der Zerst\u00f6rung der Welt tauchte eine Wesenheit von unglaublicher \u00fcberirdischer Macht aus den St\u00fcrmen des Ewigen Winters Ighrinds. Ger\u00fcchten zufolge handelte es sich dabei um ein Kind geboren aus Aons Seele und einem der Dunklen Sch\u00f6pfer, aber niemand kennt die Wahrheit. Diese Kreatur, die man heute als Kryossiarch oder Imperator kennt, eroberte die meisten Lande Muatas, des Hauptkontinenten Ighrinds, und gr\u00fcndete ein mit fester Hand regiertes Reich, das schlicht als ,Imperium\u2018 bekannt war. Der Kryossiarch war von Anfang an ein schwer fassbarer Herrscher, der sein Reich hinter versiegelten Toren kontrollierte. Er hatte jedoch einen sehr deutlichen Einfluss auf die Imperiale Sprache: da es sich bei ihm um einen Hermaphroditen handelte, sahen sich die Linguisten des neuen Imperiums gezwungen, ein viertes grammatikalisches Geschlecht zu konstruieren, um sich auf ihren Herrscher zu beziehen.<\/p>\n\n\n\n<p>Drei Jahrtausende herrschte der Kryossiarch mit kalter und eiserner Hand. Doch pl\u00f6tzlich und vollkommen unerwartet \u00fcbertrug er alle tagesgesch\u00e4ftliche Entscheidungsgewalt dem Imperialen Rat. Die Imperiale Stadt Leith liegt ungef\u00e4hr 300 Meilen vom Archar-Gebirge entfernt, dem einzigen erw\u00e4hnenswerten Orientierungspunkt des Kontinents-im-Ewigen-Eis. Die hier in Leith residierenden daimonischen Familien, die siebzehn so genannten Imperialen Familien, hatten schon immer beschr\u00e4nkte Einflussm\u00f6glichkeiten auf die Entscheidungen des Kryossiarchen. Nun jedoch hatten sie Macht zu herrschen &#8211; und versagten dabei kl\u00e4glich.<\/p>\n\n\n\n<p>Heute scheint der Kryossiarch sein Reich aufgegeben zu haben und verl\u00e4sst niemals seine Zitadelle, der h\u00f6chste Punkt der fast vollkommen unterirdisch liegenden Stadt Leith. Nur seine pers\u00f6nliche Leibgarde der rotgekleideten Magier sind ein Anzeichen daf\u00fcr, dass noch jemand in jenem Turm lebt. Die Mitglieder des Rates hingegen waren so sehr in ihre eigenen kleinen Pl\u00e4ne und Intrigen verwickelt, dass sie die Macht \u00fcber das Land einb\u00fc\u00dften. Die Imperiale Armee schwand nach und nach dahin bis nur noch die Stadtwache Leiths \u00fcbrig blieb. Imperiale Magistraten hatten weder die Truppen noch die Ressourcen, um mit Erhebungen in den Provinzen und dem Hinterland fertig zu werden. Die Imperialen Familien befinden sich bis heute in dem Glauben, ein weites Reich zu kontrollieren. Die Wahrheit jedoch ist, dass das Imperium an den Stadtmauern Leiths endet.<\/p>\n\n\n\n<p>Au\u00dferhalb der Imperialen Stadt befindet sich wenig, was ein Imperialer B\u00fcrger Zivilisation nennen w\u00fcrde. Nomadische St\u00e4mme aus Menschen und Daimonen wandern durch das Land, k\u00e4mpfen gegen einander und vor allem gegen den Ewigen Winter, der der wahre Herrscher dieses Kontinents ist.<\/p>\n\n\n\n<p>Im Jahr 5237 des Imperialen Kalenders erhob eine neue Bedrohung ihr Haupt: der Lich-Daimon K\u2018moi. Meister K\u2018moi oder Kaesh\u2018moaee ist ein Wahrer Daiva, der Ighrind lange Jahrtausende heimsuchte bis er vor ungef\u00e4hr 2.000 Jahren zerst\u00f6rt wurde &#8211; zumindest glaubten dies seine M\u00f6rder. Kaesh\u2018moaee kehrte nicht in die Finsternis zu seinem Dunklen Sch\u00f6pfer zur\u00fcck, sondern klammerte sich an seine Existenz in der Welt der Sterblichen, indem er sein Sein auf den Ichor konzentrierte, der er in den Adern seiner Nachfahren floss. Es kostete die Kreatur \u00fcber 700 Jahre bis sie wieder einen K\u00f6rper im Umbra erschaffen konnte, w\u00e4hrend es ununterbrochen gegen den Ruf seines Dunklen Sch\u00f6pfers k\u00e4mpfte, in die Vergessenheit und Nicht-Existenz zur\u00fcckzukehren. Fast die gleiche Zeit verstrich, bis er seine Kr\u00e4fte wieder aufgef\u00fcllt und seine fr\u00fchere K\u00f6rper- und Geistesst\u00e4rke erreicht hatte. Zwar immer noch eine Verk\u00f6rperung seines Dunklen Sch\u00f6pfers, hatte sich Kaesh\u2018moaee ver\u00e4ndert. Er hatte kein Interesse mehr daran, die Ziele seines Sch\u00f6pfers zu verfolgen. Da ihn die nicht enden wollende, innere Auseinandersetzung mit den Einfl\u00fcsterungen des Dunklen Tr\u00e4umers erm\u00fcdeten und langweilten, suchte &#8211; und fand &#8211; er eine M\u00f6glichkeit, um die Stimmen in seinem Kopf ein f\u00fcr alle Mal zum Schweigen zu bringen. Er verwandelte sich selbst in eine untote Kreatur, einen Lich-Daimon. Nachdem er eine Armee aus untoten Wesen aus der Erde Muatas beschwor, begann er die nomadische St\u00e4mme der Eisw\u00fcste anzugreifen und langsam, aber sicher gen Leith zu marschieren. 5236 erreichte er schlie\u00dflich das Archar-Gebirge und errichte dort eine Festung. Als n\u00e4chsten Schritt erkl\u00e4rte er dem Imperium im folgenden Jahr den Krieg. Der Imperiale Rat war gel\u00e4hmt vor Schock.<\/p>\n\n\n\n<p>Die Kaesh\u2018man &#8211; die m\u00e4chtigste Imperiale Familie und direkte Nachfahren Kaesh\u2018moaees vor seinem ,Tod\u2018 &#8211; waren gefangen zwischen der Entscheidung, eine Verteidigung f\u00fcr Leith zu organisieren oder sich ihrem Ahnen zu unterwerfen. Der Rest des Rates war zu \u00fcberrascht und verf\u00fcgte \u00fcber nicht ausreichende Kenntnisse der Verteidigungsanlagen und Truppen der Hauptstadt, um zu reagieren. Also entsandte der Kryossiarch drei Rotm\u00e4ntel zum Rat, die in der Lage waren, eine Armee aus der Hauptstadtbev\u00f6lkerung zu rekrutieren und mit dieser gegen Meister K\u2018moi zu marschieren, bevor dieser Leith angreifen konnte. Dieser Angriff wird heute der ,Marsch der Toten\u2018 genannten, da kaum einer lebend in die Imperiale Stadt zur\u00fcckkehrte &#8211; selbst einer der ausgesandten Rotm\u00e4ntel verging in dem Schlag gegen Meister K\u2018mois Festung. Jedoch muss auch die Armee des Wahren Daivas vernichtend geschlagen worden sein, denn er holte nicht zum Gegenschlag aus &#8211; bis heute nicht. Es gibt immer kleinere Gepl\u00e4nkel, aber nichts, was das Imperium wirklich gef\u00e4hrden k\u00f6nnte. Der Schatten im S\u00fcden bleibt jedoch bestehen und niemand kennt den Verbleib all der Leichen vor den Toren der Festung des Erzdaimonen &#8211; sie alle sind einfach verschwunden.<\/p>\n\n\n\n<p>Nach diesen schrecklichen Ereignissen brauchte die Stadt einen S\u00fcndenbock, der f\u00fcr den Verlust so vieler Leben verantwortlich gemacht werden konnte &#8211; die Kaesh\u2018man. Der Rat erkl\u00e4rte sie zu Verr\u00e4tern und lie\u00df die gesamte Familie in einem Schattenkrieg dahin schlachten, der sp\u00e4ter nur noch als ,Die S\u00e4uberung\u2018 in Erinnerung blieb.<\/p>\n\n\n\n<p>5424 begann sich ein neues Ger\u00fccht im Imperium zu verbreiten, das die daimonischen Familien in Unbehagen und Argwohn versetzte. Meister K\u2018moi habe einen neuen Champion, eine halb-untote Kreatur, und bereite sich auf Krieg vor. Zwei Jahre sp\u00e4ter wurde der Wahre Daiva in seiner eigenen Festung von ein paar Assassinen angegriffen, unter denen sich auch eine als ,Seine Enkelin\u2018 bekannte Untotenj\u00e4gerin befand. Der Angriff war jedoch erfolglos und alle Assassinen starben eines grausamen Tods. Zur\u00fcckkehrende Kundschafter berichten weiterhin von zunehmenden Aktivit\u00e4ten und wachsenden Armeen hinter den Festungsmauern des Lich-Daimons. Die Frage bleibt, wann diese Armeen angreifen werden. Pessimisten glauben, dass das neue Jahr 5427 die Antwort bringen wird.<\/p>","protected":false},"excerpt":{"rendered":"<p>Dies ist meine neueste Welt, die ich eigentlich nur als Hintergrund f\u00fcr einen NSC&#8230; <a class=\"read-more\" href=\"https:\/\/www.b-ok.de\/de\/art\/storytelling\/ighrind\/\">Read More<\/a><\/p>\n","protected":false},"author":3,"featured_media":0,"parent":40,"menu_order":0,"comment_status":"closed","ping_status":"open","template":"","meta":{"jetpack_post_was_ever_published":false,"footnotes":""},"class_list":["post-662","page","type-page","status-publish","hentry"],"jetpack_shortlink":"https:\/\/wp.me\/P2XtUo-aG","jetpack_likes_enabled":true,"jetpack_sharing_enabled":true,"_links":{"self":[{"href":"https:\/\/www.b-ok.de\/de\/wp-json\/wp\/v2\/pages\/662","targetHints":{"allow":["GET"]}}],"collection":[{"href":"https:\/\/www.b-ok.de\/de\/wp-json\/wp\/v2\/pages"}],"about":[{"href":"https:\/\/www.b-ok.de\/de\/wp-json\/wp\/v2\/types\/page"}],"author":[{"embeddable":true,"href":"https:\/\/www.b-ok.de\/de\/wp-json\/wp\/v2\/users\/3"}],"replies":[{"embeddable":true,"href":"https:\/\/www.b-ok.de\/de\/wp-json\/wp\/v2\/comments?post=662"}],"version-history":[{"count":1,"href":"https:\/\/www.b-ok.de\/de\/wp-json\/wp\/v2\/pages\/662\/revisions"}],"predecessor-version":[{"id":7963,"href":"https:\/\/www.b-ok.de\/de\/wp-json\/wp\/v2\/pages\/662\/revisions\/7963"}],"up":[{"embeddable":true,"href":"https:\/\/www.b-ok.de\/de\/wp-json\/wp\/v2\/pages\/40"}],"wp:attachment":[{"href":"https:\/\/www.b-ok.de\/de\/wp-json\/wp\/v2\/media?parent=662"}],"curies":[{"name":"wp","href":"https:\/\/api.w.org\/{rel}","templated":true}]}}