{"id":671,"date":"2012-09-30T22:21:42","date_gmt":"2012-09-30T20:21:42","guid":{"rendered":"http:\/\/www.b-ok.de\/?page_id=671"},"modified":"2020-06-18T15:16:52","modified_gmt":"2020-06-18T06:16:52","slug":"glossary","status":"publish","type":"page","link":"https:\/\/www.b-ok.de\/de\/art\/storytelling\/ighrind\/glossary\/","title":{"rendered":"Ighrind &#8211; Glossar"},"content":{"rendered":"<p>Ain: Der fr\u00fchere Gott der Sonne, der vor \u00fcber 6.000 Jahren zerst\u00f6rt wurde.<\/p>\n\n\n\n<p>All-Finsternis: Die Dunkelheit, die vor der Sch\u00f6pfung war und diese auch \u00fcberdauern wird. Der Unterbauch der Sch\u00f6pfung, ihr dunkler Schatten. Der Geburtsort der Dunklen Tr\u00e4umer. Es gibt einen undurchdringlichen Schleier zwischen der All-Finsternis und der Welt der Sterblichen, was es unm\u00f6glich macht, von der einen zur anderen zu gelangen. Durch ihr daimonisches Erbe glauben die meisten Kulturen Ighrinds, dass die Seelen von diesem dunklen Ort kommen und auch nach dem Tod dorthin zur\u00fcckkehren.<\/p>\n\n\n\n<p>Aon: Die fr\u00fchere G\u00f6ttin der Nacht, die verging, nachdem sie Ain erschlug..<\/p>\n\n\n\n<p>Archar-Berge: Der einzige erkennbare Orientierungspunkt des Kontinents-im-Ewigen-Eis.<\/p>\n\n\n\n<p>Blutlinie: Ein anderer Ausdruck f\u00fcr daimonische Familie.<\/p>\n\n\n\n<p>Daimon: Ein Nachfahre eines Wahren Daivas. Regeltechnisch gibt es Daimonen, Halb-Daimonen, Quasi-Daimonen und Daimonbl\u00fctige. Alle Daimonen einer Blutlinie weisen \u00c4hnlichkeiten im Aussehen, der Pers\u00f6nlichkeit und bez\u00fcglich ihrer Kr\u00e4fte auf.<\/p>\n\n\n\n<p>Daimonische Familie: Eine Blutlinie, deren Mitglieder das daimonische Blut eines Wahren Daivas teilen. Es gibt Myriaden verschiedener Blutlinien, deren Zahl nie der Anzahl der Wahren Daivas Ighrinds entspricht. Selbst wenn ein Wahrer Daiva in die All-Finsternis zur\u00fcckkehrt, bleiben seine Nachfahren in der Welt zur\u00fcck. Alle Mitglieder einer daimonischen Familie \u00e4hneln sich in Gestalt und haben vergleichbare Kr\u00e4fte.<\/p>\n\n\n\n<p>Daimonische Kreatur: Jedes Wesen mit Ichor in den Adern.<\/p>\n\n\n\n<p>Daimonischer Ichor: Ein anderes Wort f\u00fcr daimonisches Blut. In der Regel wird damit auf den Umfang daimonischen Erbes verwiesen, das ein Individuum auszeichnet. Je dicker der Ichor, desto m\u00e4chtiger, aber desto inhumaner in Erscheinung ist der betreffende Daimon. Wichtig f\u00fcr die soziale Ordnung, siehe Hierarchie des Ichor.<\/p>\n\n\n\n<p>Daimonischer Rang: Ein regeltechnischer Begriff, um die verschiedenen Machtstufen der Daimonen hervorzuheben. Das planare Gewebe Ighrinds ist bereits lange Zeit daimonischen Energien ausgesetzt und hat sich daher so ver\u00e4ndert, dass es daimonische Kreaturen beg\u00fcnstigt und ihnen zus\u00e4tzliche Kr\u00e4fte verleiht. Dies wird im Spiel durch daimonische R\u00e4nge ausgedr\u00fcckt. Die Hierarchie des Ichor ist mit diesen R\u00e4ngen verkn\u00fcpft. Wahre Daivas halten Rang 10 inne, w\u00e4hrend die R\u00e4nge 8-9 f\u00fcr K\u00f6niginnen und Oberlords steht und die R\u00e4nge 6-7 die Hohen Ladies und Hohen Lords umfassen. Ladies und Lords haben die R\u00e4nge 3-5 und alle mit niederen R\u00e4nge werden einfach unter dem Begriff \u201evom Ichor\u201c (vgl. vom Blute) zusammengefasst.<\/p>\n\n\n\n<p>Dargan: Ein Wahrer Daiva, die Gei\u00dfel; zerst\u00f6rt.<\/p>\n\n\n\n<p>Dargani: Die Dargani waren eine der \u00e4ltesten daimonischen Familien. Dies konnte aber ihren Untergang nach der Zerst\u00f6rung ihres Ahnen Dargan nicht verhindern. Die letzten verbliebenen \u00dcberreste dieser t\u00f6dlichen Familie ist die Gilde der Untotenj\u00e4ger in Leith.<\/p>\n\n\n\n<p>Diener des Todes: Eine todgezeichnete Daimonin. Alle Daimonen mit jenem Muttermal, das sie als auserw\u00e4hlte Kreaturen des Todes kennzeichnet, werden gemeinhin Diener des Todes genannt. Auch sie haben daimonische R\u00e4nge, aber ihre Kr\u00e4fte unterscheiden sich vollkommen vom normalen Aufstieg. Vom schw\u00e4chsten bis zum h\u00f6chsten Grad lauten die Titel der Diener des Todes Todgezeichnete, Maid, Herrin und Lady (des Todes).<\/p>\n\n\n\n<p>Drei Wege des Krieges, die: Das Imperium kennt drei Formen der Kriegskunst: den Roten Krieg, den Schattenkrieg und den Schwarzen Krieg.<\/p>\n\n\n\n<p>Dunkle Sch\u00f6pfer: Von der All-Finsternis vor dem Beginn der Sch\u00f6pfung geborene b\u00f6sartige Geister. Sie k\u00f6nnen zwar die Welt der Sterblichen nicht direkt beeinflussen, haben aber die F\u00e4higkeit Aspekte ihrer selbst im Umbra zu erschaffen; dies sind die Wahren Daivas oder Erzdaimonen.<\/p>\n\n\n\n<p>Dunkle Tr\u00e4umer: siehe Dunkle Sch\u00f6pfer.<\/p>\n\n\n\n<p>Enkelin, Seine: Dieser Spitzname verweist auf eine junge Untotenj\u00e4gern, die zuf\u00e4lligerweise von Lord K\u2018mois Blutlinie ist. Sie wurden als Kind eines der nomadischen St\u00e4mme in der N\u00e4he Leiths geboren und ist eine Maid des Todes.<\/p>\n\n\n\n<p>Erzdaimonen; siehe Wahre Daivas.<\/p>\n\n\n\n<p>Gilde, die: siehe Untotenj\u00e4ger.<\/p>\n\n\n\n<p>Herrin: Zweith\u00f6chster sozialer Rang der Diener des Todes. Entspricht dem Rang Hoher Lord\/Hoher Lady.<\/p>\n\n\n\n<p>Hierarchie des Ichor: Die grundlegende Sozialordnung aller daimonsichen Familien. An der Spitze befinden sich die Wahren Daivas, die eigentlich \u00fcber dieser Hierarchie der ,niederen\u2018 Daimonen stehen. Die de facto ,Herrscher\u2018 einer Familie sind die Oberlords und K\u00f6niginnen, auf die die Hohen Lords und Hohen Ladies folgen. W\u00e4hrend die Zahl dieser m\u00e4chtigen Daimonen recht gering ist, so sind die Ladies und Lords um ein Vielfaches zahlreicher. Den niedersten Rang bekleiden jene \u201evom Ichor\u201c. Die Dicke des daimonischen Ichors eines Individuums, also die St\u00e4rke seines oder ihres Erbes, bestimmen den Rang in dieser Hierarchie. Eine Kreatur ohne daimonsiches Blut in ihren Adern steht unter dieser Hierarchie und hat den Wert eines Tieres.<\/p>\n\n\n\n<p>Hohe Lady: Zweith\u00f6chster sozialer Rang weiblicher Daimonen in der Hierarchie des Ichors. Daimonische R\u00e4nge 6-7 im Spiel.<\/p>\n\n\n\n<p>Hoher Lord: Zweith\u00f6chster sozialer Rang m\u00e4nnlicher Daimonen in der Hierarchie des Ichors. Daimonische R\u00e4nge 6-7 im Spiel.<\/p>\n\n\n\n<p>Ichor: siehe daimonischer Ichor.<\/p>\n\n\n\n<p>Imperiale Familien: Dies sind die siebzehn daimonischen Familien, die die Stadt Leith und das Imperium beherrschen.<\/p>\n\n\n\n<p>Imperiale Stadt: siehe Leith.<\/p>\n\n\n\n<p>Imperialer Rat: Die das Imperium regierende Institution. Er setzt sich aus siebzehn Mitgliedern zusammen &#8211; jeweils eines f\u00fcr die siebzehn Imperialen Familien. Ein Daimon muss mindestens den Rang einer Hohen Lady oder eines Hohen Lords innehaben, um dem Rat als Mitglied dienen zu k\u00f6nnen.<\/p>\n\n\n\n<p>Kaesh\u2018man: Von dem Wahren Daiva Kaesh\u2018moaee erschaffen, waren sie bis 5237 die m\u00e4chtigste Imperiale Familie. Die gesamte Familie wurde w\u00e4hrend der \u201eS\u00e4uberung\u201c dahin geschlachtet und es hei\u00dft, dass keiner \u00fcberlebte.<\/p>\n\n\n\n<p>Kaesh\u2018moaee: Der als \u201eBeschmutzer\u201c bekannte Wahre Daiva, von dem man annahm, er sei vor 2000 Jahren vernichtet worden. Er kehrte jedoch als Lord K\u2018moi zur\u00fcck. Er ist der Stammvater der Kaesh\u2018man.<\/p>\n\n\n\n<p>Kaltblut: Bevor Lord K\u2018moi das Wissen der Untotenerschaffung nach Ighrind brachte, gab es nur eine Art von Untoten &#8211; die Kaltbl\u00fctigen. F\u00fcr gew\u00f6hnlich zieht es ein Daimon vor zu sterben und in die All-Finsternis zur\u00fcckzukehren, wenn er erschlagen wird. Manchmal jedoch ist die Wut eines Daimons nicht bereit, den Geist ziehen zu lassen. Meistens bemerkt der Daimon nicht, dass der finale, t\u00f6dliche Schlag ihn bereits getroffen hat, so dass er weiterk\u00e4mpft und das Schlachtfeld als ein Kaltblut verl\u00e4sst. Ein Kaltblut beh\u00e4lt alle k\u00f6rperlichen und geistigen Eigenschaften, verliert aber seine daimonischen R\u00e4nge und kann sich weder physisch noch psychisch verbessern. Daher ziehen die meisten Daimonen das Vergessen diesem erb\u00e4rmlichen Zustand vor.<\/p>\n\n\n\n<p>Ki-Shin: Kreaturen, die nicht von Ighrind stammen, vielleicht nicht einmal vom gleichen Multiversum sind. Sie \u00e4hneln gro\u00dfen, schlanken und sch\u00f6nen Orks und sind Meister der Technologie und der Magie. Sie sind Verb\u00fcndete von Lord K\u2018moi.<\/p>\n\n\n\n<p>K\u00f6nigin: H\u00f6chster sozialer Rang weiblicher Daimonen in der Hierarchie des Ichors. Daimonische R\u00e4nge 8-9 im Spiel.<\/p>\n\n\n\n<p>Kontinent-im-Ewigen-Eis, der: ,Romantischer\u2018 Name f\u00fcr den Kontinenten Muata.<\/p>\n\n\n\n<p>Kryossiarch: Ein unsterbliches Wesen aus Eis und Dunkelheit, dem Namen nach der Herrscher des Imperiums. Als Ahn dieser sowohl weiblich als auch m\u00e4nnlichen Kreatur vermutet man Aon selbst.<\/p>\n\n\n\n<p>Lady (1): Zweitniedrigster sozialer Rang weiblicher Daimonen in der Hierarchie des Ichors. Daimonische R\u00e4nge 3-5 im Spiel.<\/p>\n\n\n\n<p>Lady (2): H\u00f6chster sozialer Rang der Diener des Todes. Entspricht dem Rang Oberlord\/K\u00f6nigin. Es gibt immer nur eine Lady des Todes.<\/p>\n\n\n\n<p>Leith: Eine kolossale Metropole, die sich haupts\u00e4chlich unterirdisch befindet. Dies ist die Imperiale Stadt, deren Zentrum die Zitadelle bildet. Sie wird vom Imperialen Rat regiert, der sich aus den m\u00e4chstigsten daimonischen Familien, den Imperialen Familien zusammensetzt.<\/p>\n\n\n\n<p>Lord K\u2018moi: Der Lich-Daimon. Ein untoter Wahrer Daiva, der das Imperium bedroht und damit begann, die ganze Welt zu erobern. Er ist eine neue Verk\u00f6rperung von Kaesh\u2018moaee Dem Beschmutzer. Sein Titel ,Lord\u2018 hat nichts mit dem daimonischen Rang zu tun &#8211; bez\u00fcglich seines Ichors gilt er als Wahrer Daiva.<\/p>\n\n\n\n<p>Lord: Zweitniedrigster sozialer Rang m\u00e4nnlicher Daimonen in der Hierarchie des Ichors. Daimonische R\u00e4nge 3-5 im Spiel.<\/p>\n\n\n\n<p>Maid: Zweitniedrigster sozialer Rang der Diener des Todes. Entspricht dem Rang Lord\/Lady.<\/p>\n\n\n\n<p>Marsch der Toten, der: Der sinnlose Angriff der neuen Imperialen Armee gegen Lord K\u2018mois Festung nahe des Archar-Gebirges 5237. Keine Leichen wurden nach dieser Schlacht gefunden.<\/p>\n\n\n\n<p>Muata: Der gr\u00f6\u00dfere und im Norden gelegene Kontinent Ighrinds, der vollkommen von Eis und Gletschern bedeckt ist.<\/p>\n\n\n\n<p>Oberlord: H\u00f6chster sozialer Rang m\u00e4nnlicher Daimonen in der Hierarchie des Ichors. Daimonische R\u00e4nge 8-9 im Spiel.<\/p>\n\n\n\n<p>Roter Krieg: Ein totaler Krieg, der durch den Imperialen Rat oder den Kryossiarchen erkl\u00e4rt werden muss, und sich gegen eine \u00e4u\u00dfere Bedrohung f\u00fcr das Imperium richtet. Alle Familien innerhalb Leiths m\u00fcssen eine gewisse Anzahl Krieger zur Verf\u00fcgung stellen.<\/p>\n\n\n\n<p>Rotm\u00e4ntel: Die in Rot gekleideten Magier bilden die pers\u00f6nliche Leibwache des Kryossiarchen und sind die einzigen, denen es gestattet ist, Feuermagie zu wirken. Ger\u00fcchten zufolge sind die vier (nun drei) h\u00f6chstrangigen Rotm\u00e4ntel in Wahrheit Rote Drachen.<\/p>\n\n\n\n<p>S\u00e4uberung, die: Das Massaker Ende 5237, in dem alle Kaesh\u2018man vergingen.<\/p>\n\n\n\n<p>Schattenkrieg: Wenn der Imperiale Rat eine daimonische Familie oder ein Individuum als Bedrohung f\u00fcr das Imperium betrachtet, kann gegen diese einen Schattenkrieg erkl\u00e4ren. Dies gleicht mit einigen Ausnahmen einem Schwarzen Krieg. Alle Imperialen Familien m\u00fcssen eine Anzahl an Assassinen f\u00fcr die \u201eehrenwerte Sache\u201c beisteuern und es gibt kein Zeitlimit. Der Schattenkrieg endet mit der Terminierung des Ziels. Der letzte Schattenkrieg in der j\u00fcngsten Geschichte war der gegen die Kaesh\u2018man und wurde sp\u00e4ter die \u201eS\u00e4uberung\u201c genannt.<\/p>\n\n\n\n<p>Schwarzer Krieg: Eine daimonische Familie oder ein Individuum kann gegen eine andere Blutlinie oder Einzelperson einen Schwarzen Krieg erkl\u00e4ren. Diese Erkl\u00e4rung muss unter der Anwesenheit eines Imperialen Beamten erfolgen. Beide Seiten schicken Assassinen aus, um die Gegenseite auszuschalten. Ein Schwarzer Krieg besitzt ein Zeitlimit, zu dem der Imperiale Beamte seine Zustimmung geben muss.<\/p>\n\n\n\n<p>Shamasan: Die zweitm\u00e4chtigste Imperiale Familie, deren Stammvater Shamasu, der irrsinnige alles-sehende Engel, war.<\/p>\n\n\n\n<p>Shamasu: Ein Wahrer Daiva, das Irre Auge.<\/p>\n\n\n\n<p>Tod: Manche halten ihn f\u00fcr eine alte Gottheit, w\u00e4hrend andere glauben Tod sei eine Art Dunkler Tr\u00e4umer oder gar das Bewusstsein der All-Finsternis selbst. Keine daimonische Familie hat ihre Wurzeln bei Tod. Einige weibliche Daimonen weisen aber ein ungew\u00f6hnliches Muttermal auf, das ihnen Macht \u00fcber den Tod verleiht und sie au\u00dferhalb der Hierarchie des Ichors platziert.<\/p>\n\n\n\n<p>Todesmal: Das Muttermal der Diener des Todes. Siehe Tod.<\/p>\n\n\n\n<p>Todgezeichnete: Der niedrigste soziale Rang der Diener des Todes. Gleicht dem Rang \u201evom Ichor\u201c. Es gibt keinen Rang 0 unter den Dienern des Todes.<\/p>\n\n\n\n<p>Universit\u00e4t von Wind und Frost: Die gro\u00dfe und m\u00e4chtige Universit\u00e4t f\u00fcr Magier in der Imperialen Stadt.<\/p>\n\n\n\n<p>Untotenj\u00e4ger: Auch als die Gilde der Untotenj\u00e4ger oder schlicht \u201eDie Gilde\u201c bekannt. Eine Organisation von Assissenen, die darauf spezialisiert sind, untote Kreaturen zu vernichten. Sie wurde von einer Gruppe Dargani um 5260 als Antwort auf die Bedrohung durch Lord K\u2018moi gegr\u00fcndet.<\/p>\n\n\n\n<p>Vom Ichor: Niedrigster sozialer Rang in der Hierarchie des Ichors. Daimonische R\u00e4nge 0-2 im Spiel.<\/p>\n\n\n\n<p>Wahre Daivas: M\u00e4chtige Au\u00dferweltler, Verk\u00f6rperungen der Dunklen Sch\u00f6pfer. Sie sind unabh\u00e4ngig von ihren Sch\u00f6pfern, k\u00f6nnen aber in deren Geist eindringen, um Kenntnisse und Kr\u00e4fte zu erlangen, die \u00fcber alles hinausgehen, was eine normale Kreatur innehaben k\u00f6nnte. Diese F\u00e4higkeit ist jedoch ein zweischneidiges Schwert. Der Wahre Daiva gewinnt zwar an Macht, aber auch der Dunkle Tr\u00e4umer erh\u00e4lt mehr Kontrolle \u00fcber seine Sch\u00f6pfung. Viele Wahre Daivas verlieren so jedes Selbstbewusstsein und werden zu nichts mehr als eine Marionette, deren F\u00e4den von den Klauen seines Sch\u00f6pfers gehalten werden. Einige hingegen erlangen Macht, ohne sich auf ihre dunklen G\u00f6nner zu verlassen.<\/p>\n\n\n\n<p>Die Zahl der Wahren Daivas ist beschr\u00e4nkt auf die der Dunklen Tr\u00e4umer, da jeder nur einen Aspekt seiner selbst gleichzeitig erschaffen kann. Zwar sind sie unsterblich und werden nicht vom Alter beeintr\u00e4chtigt, k\u00f6nnen Wahre Daivas dennoch erschlagen werden. Dies schmerzt den betreffenden Dunklen Sch\u00f6pfer, so dass er f\u00fcr eine Zeit, vielleicht sogar f\u00fcr \u00c4onen in einen tiefen Schlaf verf\u00e4llt. Jedoch wird er sp\u00e4ter sicher einen neuen Aspekt erschaffen, um zur\u00fcckzugewinnen, was er verloren hat.<\/p>\n\n\n\n<p>Wahre Daivas k\u00f6nnen sich mit Sterblichen fortpflanzen, was sie zu den Stammv\u00e4tern der Myriaden an daimonischen Familien Ighrinds machte.<\/p>","protected":false},"excerpt":{"rendered":"<p>Ain: Der fr\u00fchere Gott der Sonne, der vor \u00fcber 6.000 Jahren zerst\u00f6rt wurde. All-Finsternis:&#8230; <a class=\"read-more\" href=\"https:\/\/www.b-ok.de\/de\/art\/storytelling\/ighrind\/glossary\/\">Read More<\/a><\/p>\n","protected":false},"author":3,"featured_media":0,"parent":662,"menu_order":0,"comment_status":"closed","ping_status":"open","template":"","meta":{"jetpack_post_was_ever_published":false,"footnotes":""},"class_list":["post-671","page","type-page","status-publish","hentry"],"jetpack_shortlink":"https:\/\/wp.me\/P2XtUo-aP","jetpack_likes_enabled":true,"jetpack_sharing_enabled":true,"_links":{"self":[{"href":"https:\/\/www.b-ok.de\/de\/wp-json\/wp\/v2\/pages\/671","targetHints":{"allow":["GET"]}}],"collection":[{"href":"https:\/\/www.b-ok.de\/de\/wp-json\/wp\/v2\/pages"}],"about":[{"href":"https:\/\/www.b-ok.de\/de\/wp-json\/wp\/v2\/types\/page"}],"author":[{"embeddable":true,"href":"https:\/\/www.b-ok.de\/de\/wp-json\/wp\/v2\/users\/3"}],"replies":[{"embeddable":true,"href":"https:\/\/www.b-ok.de\/de\/wp-json\/wp\/v2\/comments?post=671"}],"version-history":[{"count":1,"href":"https:\/\/www.b-ok.de\/de\/wp-json\/wp\/v2\/pages\/671\/revisions"}],"predecessor-version":[{"id":7964,"href":"https:\/\/www.b-ok.de\/de\/wp-json\/wp\/v2\/pages\/671\/revisions\/7964"}],"up":[{"embeddable":true,"href":"https:\/\/www.b-ok.de\/de\/wp-json\/wp\/v2\/pages\/662"}],"wp:attachment":[{"href":"https:\/\/www.b-ok.de\/de\/wp-json\/wp\/v2\/media?parent=671"}],"curies":[{"name":"wp","href":"https:\/\/api.w.org\/{rel}","templated":true}]}}