{"id":701,"date":"2012-10-01T12:20:27","date_gmt":"2012-10-01T10:20:27","guid":{"rendered":"http:\/\/www.b-ok.de\/?page_id=701"},"modified":"2020-06-18T15:16:52","modified_gmt":"2020-06-18T06:16:52","slug":"althai","status":"publish","type":"page","link":"https:\/\/www.b-ok.de\/de\/art\/storytelling\/althai\/","title":{"rendered":"AlThai"},"content":{"rendered":"AlThai hat sich in den 14 Jahren, die seit des ersten Konzepts als Sci-Fi-Setting vergangen sind, stark gewandelt. Von einer bedrohten Erde, \u00fcber ein klassisches D&amp;D-Setting hinzu der aktuellen high-magic Variante, in der die Spieler unsterbliche G\u00f6tter von fast allm\u00e4chtiger Kraft \u00fcbernehmen. Darin liegt aber auch die Schwierigkeit: wie stelle ich als Sterblicher ein Wesen glaubw\u00fcrdig dar, das \u00c4onen \u00fcberdauert hat und auf viele weitere Jahrtausende hoffen kann? Mit viel Geduld&#8230;<\/p>\n\n\n\n<p>Einen Kurz\u00fcberblick \u00fcber die Welt gibt es <a title=\"AlThai Kurzbeschreibung\" href=\"https:\/\/www.b-ok.de\/wp-content\/uploads\/2012\/10\/althai.pdf\" target=\"_blank\" rel=\"noopener noreferrer\">hier<\/a>!<\/p>\n\n\n\n<p><a title=\"AlThai \u2013 Glossar\" href=\"https:\/\/www.b-ok.de\/de\/art\/storytelling\/althai\/glossary\/\"><em>Glossar<\/em><\/a><\/p>\n\n\n\n<p><a title=\"AlThai \u2013 Charaktere\" href=\"https:\/\/www.b-ok.de\/de\/art\/storytelling\/althai\/characters\/\"><em>Charaktere<\/em><\/a><\/p>\n\n\n\n<p><em>Stories<\/em><\/p>\n\n\n\n<h2 class=\"wp-block-heading\">AlThai Einf\u00fchrung<\/h2>\n\n\n\n<p>Die Welt AlThai ist das Herz des Multiversums, der Angelpunkt seiner Existenz. Hier leben, streiten und lieben die \u00dcberg\u00f6tter \u2013 unsterbliche Wesenheiten, die wiederum alle eine Welt in ihren Herzen tragen, diese in ihren Tr\u00e4umen formen und bewahren. Viele dieser Welten sind jedoch bereits gefallen, ihre \u00dcberg\u00f6tter vergangen und auch AlThai selbst blickt der Ausl\u00f6schung ins Gesicht, sollten die \u00dcberg\u00f6tter nicht verhindern k\u00f6nnen, dass sich die Geschichte wiederholt..<\/p>\n\n\n\n<p><strong>\u201eVon den Ufern des Sommerlands bis zur Spitze des Winterzahns&#8230;\u201c<\/strong><\/p>\n\n\n\n<div class=\"wp-block-image\"><figure class=\"alignleft\"><a href=\"https:\/\/www.b-ok.de\/wp-content\/uploads\/2012\/10\/althai_map.jpg\"><img loading=\"lazy\" decoding=\"async\" width=\"273\" height=\"195\" src=\"https:\/\/www.b-ok.de\/wp-content\/uploads\/2012\/10\/althai_map.jpg\" alt=\"\" class=\"wp-image-703\" title=\"Map of AlThai\"\/><\/a><\/figure><\/div>\n\n\n\n<p>AlThai erscheint auf der materiellen Ebene wie ein Planet frischen Gr\u00fcns und tiefen Blaus, der von drei Trabanten umkreist wird. Die Welt AlThai selbst kreist um die Doppelsonnen Ain und Aon und ist allein auf ihrem Weg \u2013 kein weiterer Planet teilt den Raum mit dieser Herzwelt. Eingeh\u00fcllt in einen Nebel aus Sternenstaub bildet AlThai den Mittelpunkt, um den alle weiteren Galaxien und Sonnensysteme kreisen. AlThai ist der Ursprung.<\/p>\n\n\n\n<p>Die drei Monde sind She\u2019tan, der Geburtsort der \u00dcberg\u00f6tter, Chi\u2019an, benannt nach den Sch\u00f6pfungsprinzipien des Mulitversums, und Kith\u2019an, der kleinste und am weitesten entfernte Trabant, dessen Name stellvertretend f\u00fcr die differenzierenden Abstrakta, den Dienern der Chi\u2019an, steht. Die \u00dcberg\u00f6tter kennen keine Religion, da sie in mehr oder minder direktem Kontakt mit den sch\u00f6pferischen Prinzipien aller Existenz stehen, denen sie Respekt, aber keine Verehrung entgegen bringen.<\/p>\n\n\n\n<p>AlThai besitzt nur einen bekannten Kontinenten von der Gr\u00f6\u00dfe Pangeas, der von einem dichten Urwald bedeckt ist und vom n\u00f6rdlichen Eis bis hin zur equitorialen W\u00fcste alle Klimazonen umfasst.<\/p>\n\n\n\n<p><strong>Die \u00dcberg\u00f6tter, die Kinder des Reigens<\/strong><\/p>\n\n\n\n<p>Die Ereignisse der Sch\u00f6pfung sollen hier nicht weiter ausgef\u00fchrt werden. Wichtig ist jedoch, dass Existenz und Zeitlichkeit, die Sch\u00f6pfung der Chi\u2019an mit all ihren Aspekten, Varianten und Formen, im Gegensatz zur absoluten Potentialit\u00e4t des vor-, besser unzeitigen Omnil stehen. Das All-Nichts ist die Utopie der Gleichzeitigkeit alles M\u00f6glichen und Unm\u00f6glichen, ein nicht-existenter Ort vor und nach der Zeit ohne Entwicklung, aber voll st\u00e4ndiger Ver\u00e4nderung. Existenz fixiert und beschr\u00e4nkt die M\u00f6glichkeiten, gibt ihnen Sinn. Das sinn-lose Nicht-Sein reibt sich daher an der Existenz, dringt in sie ein, um sie aufzul\u00f6sen, die M\u00f6glichkeiten wieder freizusetzen. Die letzte Bastion gegen diese Aufl\u00f6sung ist die Herzwelt und somit die \u00dcberg\u00f6tter.<\/p>\n\n\n\n<p>Als Kinder der Mondseele She\u2019tans entstanden die Geister des Reigens, die in ewigem Gesang und Tanz die Sch\u00f6pfung und das Leben feierten. Masken aus Licht und Schatten, Gel\u00e4chter und Traum schm\u00fcckten diese k\u00f6rperlosen Wesen, die sich selbst She\u2019tair nannten. Ab und an nahmen auch Abstrakta oder sogar Chi\u2019anar, Aspekte der Sch\u00f6pfungsprinzipien, an diesem Reigen teil &#8211; zumindest in den jungen Jahren der Existenz. Als sich Zeit jedoch mehr und mehr von einem kleinen Bach in einen rei\u00dfenden Strom zu wandeln neigte, erhielt die Auseinandersetzung mit Omnil zunehmend die Aufmerksamkeit der Chi\u2019an.<\/p>\n\n\n\n<p>Dieser Kampf erreichte AlThai bzw. She\u2019tan und die She\u2019tair in From der \u201eStimme\u201c, eines Aspekts des All-Nichts, deren Einfl\u00fcsterungen einige Mondgeister innehalten lie\u00df. Fast zeitgleich wurde der Pandorian aus korrumpierten Chi\u2019anar geboren. Dieses Wesen kann als die Antithese des sch\u00f6pferischen Willens verstanden werden, der das Multliversum entstehen lie\u00df. Vom Rande der Sch\u00f6pfung aus begann er seinen Feldzug gen Zentrum. Welt um Welt fiel und wurde eins mit der Nichtexistenz. Um die Welten zu sch\u00fctzen ersannen die Prinzipien Bewahrer und w\u00e4hlten darauf die Mondgeister, die She\u2019tair aus, die die Welten in ihren Tr\u00e4umen besch\u00fctzen sollten.<\/p>\n\n\n\n<p>Dies zu verhindern trachtend entlie\u00df der Pandorian eine Welle purer Unm\u00f6glichkeit gegen den Mond. Von dieser Anstengung geschw\u00e4cht konnte er daraufhin zwar f\u00fcrs Erste gebannt werden, She\u2019tan und seine Kinder schienen aber dem Untergang geweiht. In Einvernehmen mit AlThais Weltenseele \u00f6ffnete ein Chi\u2019anar gerade noch rechtzeitig eine Handvoll Tore hinunter auf den Planeten, so dass zumindest einige der Mondgeister fliehen konnten. Die meisten vergingen jedoch im Feuer des Nichts, das den Mond traf und ihn fast zur H\u00e4lfte ausl\u00f6schte.<\/p>\n\n\n\n<p>Die Seelen der \u00fcberlebenden She\u2019tair wurden ohne deren Wissen mit den \u00fcbrigen Welten des Multiversums verbunden, sie somit zu deren H\u00fctern, den \u00dcberg\u00f6ttern.<\/p>\n\n\n\n<p><strong>V\u00f6lker und Reiche<\/strong><\/p>\n\n\n\n<p>Auf der materiellen Ebene sind die She\u2019tair ungef\u00e4hr zwei Meter gro\u00dfe Humanoide von schrecklicher Sch\u00f6nheit und Anmut, deren Erscheinung pr\u00e4gend f\u00fcr die meisten intelligenten Lebewesen der \u00e4u\u00dferen Welten wurde. Am \u00e4hnlichsten in ihrem \u00c4u\u00dferen sind ihnen jene Wesen, die man als Elben kennt. Dieser Vergleich m\u00f6ge jedoch nicht dar\u00fcber hinweg t\u00e4uschen, dass ein Elb einem She\u2019tair nur so \u00e4hnlich ist wie eine Eidechse einem m\u00e4chtigen Dinosaurier. Ein She\u2019tair ist weniger ein atmendes Lebewesen, sondern eher ein Bewusstsein, das sich selbst physische Form gegeben hat und diese nach Belieben \u00e4ndern kann. Geschlechter kennen die She\u2019tair an und f\u00fcr sich nicht.<\/p>\n\n\n\n<p>Die gro\u00dfe Fluchtwelle der Mondgeister erreichte den Planeten im S\u00fcden des Hauptkontinenten, wo sie sich bald eine physische Gestalt gaben. Die Welt erkundent wanderten einige der She\u2019tair gen Norden und so entwickelten sich sp\u00e4ter mehr oder minder getrennt vier eigenst\u00e4ndige V\u00f6lker: die Shikai in der n\u00f6rdlichen Gebirgs- und Talregion, die Vaskai in der equitorialen W\u00fcste, die Fistai im Urwald und die Ithaai in der S\u00fcdebene. Die Fistai und Ithaai waren urspr\u00fcnglich eine Gruppe, die sich aber ob der Erdgeister entzweite. W\u00e4hrend die meisten der Fistai im Einklang mit der Welt, den Tieren und Geistern leben und die Hoheit des Einen Waldes achten wollten, sahen sich die sp\u00e4teren Ithaai dazu berufen, dies alles zu beherrschen. Sich selbst als die Hochf\u00fcrsten ihrer Rasse bezeichnend schufen sie eine enorme Festung, die Goldene Stadt, und forderten von allen anderen V\u00f6lkern Tribut. Das sollte aber noch nicht der Ausl\u00f6ser f\u00fcr den Ersten Krieg der \u00dcberg\u00f6tter werden, entfremdete aber die V\u00f6lker untereinander.<\/p>\n\n\n\n<p>W\u00e4hrend die She\u2019tair zwar die Hauptbev\u00f6lkerung AlThais darstellen, sind sie dennoch nicht allein. Eine Handvoll der Mondgeister strandete weit abgelegen von den anderen auf einer Halbinsel, wo sie von den einheimischen Erdgeistern begr\u00fc\u00dft wurden. Anstatt sich selbst Form zu geben, gingen sie mit diesen eine Symbiose ein und verbanden sich so mit AlThai selbst. Diese Pelesh\u2019tair hatten physische Gestalt und sind wahre Lebewesen. Bis zu ihrer fast vollkommenen Ausl\u00f6schung vor 30.000 Jahren gedieh das Volk der Pelesh\u2019tair im regen Austausch mit den anderen She\u2019tair, zu denen sie sp\u00e4ter wieder Kontakt haben sollten.<\/p>\n\n\n\n<p>Zu den weiteren V\u00f6lkern z\u00e4hlen die verschiedenen Erd- und Tiergeister, wobei \u201eGeist\u201c weder als tot noch k\u00f6rperlos zu verstehen ist, sondern eher die Verk\u00f6rperung einer Idee meint. So gibt es beispielsweise Tiere von enormen Ausma\u00dfen, die das Sinnbild ihrer Gattung darstellen und oft mit gro\u00dfer Intelligenz gesegnet sind.<\/p>\n\n\n\n<p>Als einziges weiteres humanoides Volk sind die Riesen oder Caishi\u2019tair zu nennen, doch ihre Zahl ist verschwindend gering. Geformt aus der Dunkelheit und den Geburtswehen AlThais selbst sind sie den Pelesh\u2019tair nicht un\u00e4hnlich in Gestalt, wenn auch fast doppelt so gro\u00df. Sie werden von einer Aura der Melancholie umgeben und leben vollkommen zur\u00fcckgezogen in den H\u00f6hlen unter den Bergen der Welt.<\/p>\n\n\n\n<p>Vor rund 23.000 Jahren entdeckten die Shikai Tierwesen, die ihnen selbst sehr \u00e4hnelten: affen\u00e4hnliche Huminide, die zuerst kaum intelligent schienen, aber bald begannen, Werkzeuge herzustellen und Zeichen zu hinterlassen. Im Gegensatz zu allen anderen Kreaturen der Sch\u00f6pfung hatten diese Wesen jedoch keine Kenntnis der kosmischen Prinzipien und begannen, Dinge und Erscheinungen um sie herum als G\u00f6tter zu verehren. Da sie nichts wussten, mussten sie glauben. Die ersten paar tausend Jahre waren die Shikai von diesen Wesen fasziniert, was jedoch bald in Ekel und Abscheu umschlug, als sie der zunehmenden Aggressivit\u00e4t gewahr wurden. Diese Kreaturen jagden, t\u00f6teten und verspeisten einander! Eine Gruppe Shikai beschloss darauf, den Ursprung dieser Kreaturen zu erforschen.<\/p>\n\n\n\n<p><strong>Der Erste Krieg der \u00dcberg\u00f6tter<\/strong><\/p>\n\n\n\n<p>Es dauerte fast 6.000 Jahre bis die Shikai alle Puzzleteile beisammen hatten: Die sich zunehmend wie eine Seuche \u00fcber die Welt verbreitenden Kreaturen waren Z\u00fcchtungen der Ithaai! Nicht nur dies ersch\u00fctterte die restlichen She\u2019tair tief: es wurde auch deutlich, dass die Ithaai in all den Millennien seit der Flucht der \u201eStimme\u201c gelauscht und sie als Gottheit verehrt hatten.<\/p>\n\n\n\n<p>Als die in seinen Augen abtr\u00fcnnigen Shikai nun die Ithaai zur Rede stellen wollten und ihre Gottheit angriffen, erkl\u00e4rte der Hochkaiser der Ithaai den Shikai den Krieg. Zwar waren die Shikai ihren s\u00fcdlichen Vettern zahlenm\u00e4\u00dfig weit \u00fcberlegen, jedoch mangelte es ihnen an Kampfkraft. Diese hatten die Ithaai in Jahrtausenden der paranoiden Kriegsvorbereitung gest\u00e4hlt. Als letzten Ausweg wandten sich die Shikai an den Meister der Blumen, einen der ihren, der aber auf finsteren Pfaden wandelte. Seine aus den Kreaturen der Ithaai gez\u00fcchteten Krieger gaben den Shikai kurzfristig die milit\u00e4rische Oberhand.<\/p>\n\n\n\n<p>Jedoch verloren sie am Ende dennoch: Nachdem sie die Ithaai aus ihren n\u00f6rdlichen Gebieten zur\u00fcckgetrieben hatten, baten diese um einen Waffenstillstand, den die Shikai nur zu gerne gew\u00e4hrten. Als sie jedoch am Ende der vereinbarten 100 Jahre sich gen S\u00fcden aufmachten, um mit den Ithaai zu verhandeln, standen sie vor einer enormen, den gesamten Kontinent in der Mitte teilenden Barriere, die wie ein Spiegel die Umgebung reflektierte. Diese Barriere konnte weder durch Schwert noch Magie besch\u00e4digt werden, w\u00e4hrend ihre Ber\u00fchrung allein t\u00f6dlich war. Die Priester der \u201eStimme\u201c hatten sich selbst opfernd ein d\u00fcnne Scheibe Nichts zwischen den S\u00fcden und die Shikai platziert.<\/p>\n\n\n\n<p>Als Bestrafung f\u00fcr ihre Unparteilichkeit im Krieg wurden die Reiche der Vaskai und Fistai durch die Barriere geteilt. Die Ithaai zogen sich in die Isolation hinter die Mauern ihrer Golden Stadt zur\u00fcck.<\/p>\n\n\n\n<p><strong>Die Gegenwart<\/strong><\/p>\n\n\n\n<p>13.000 Jahre sind seit dem Ende des Krieges vergangen. Die Ithaai haben in ihrer Isolation den Krieg fast vollkommen vergessen und in eine mythische Vorzeit verdr\u00e4ngt. Nur noch zu den Vaskai unterhalten sie misstrauisch Handelsbeziehungen aufrecht.<\/p>\n\n\n\n<p>Die Shikai hingegen haben ihren Hass auf die Vetter im S\u00fcden und die \u201eStimme\u201c gesch\u00fcrt und warten gespannt darauf, dass sich eine Prophezeihung erf\u00fcllt, die ihnen ein Gesandter aus dem Traum einfl\u00fcsterte:<\/p>\n\n\n\n<p>\u201eWenn die Geliebte des Toten vor den Augen der wei\u00dfen Prinzen ihre Tr\u00e4nen vergie\u00dft, wird sich das Nichts teilen und die Nordwinde wieder den S\u00fcden erreichen.\u201c<\/p>\n\n\n\n<p>Der Aufbruch einer Pelesh\u2019tair aus dem Reich der Todesf\u00fcrsten zu den Vaskai und die Sichtung einer Gruppe Ithaai im Einen Wald haben den Norden bereits in h\u00f6chste Bereitschaft versetzt. Wird sich der Krieg der \u00dcberg\u00f6tter wiederholen?<\/p>\n\n\n\n<p><em>Anmerkung<\/em>: Die erw\u00e4hnten Personen sind Spielercharaktere. Die Pelesh\u2019tair Haie ist die Letzte ihres Stammes und auf der Suche nach Malach\u2019Athar, einem Untoten, der vor den Konsequenzen einer sterblichen Liebe und vor seinen eigenen unterdr\u00fcckten Gef\u00fchlen fl\u00fcchtet. Die gesichtete Gruppe sind junge Ithaai, die nach einem missgl\u00fcckten Attentat auf den Hochkaiser aus der Goldenen Stadt flohen, um eine ihnen v\u00f6llig unbekannte Welt vor ihrer Haust\u00fcr zu finden.","protected":false},"excerpt":{"rendered":"<p>AlThai hat sich in den 14 Jahren, die seit des ersten Konzepts als Sci-Fi-Setting&#8230; <a class=\"read-more\" href=\"https:\/\/www.b-ok.de\/de\/art\/storytelling\/althai\/\">Read More<\/a><\/p>\n","protected":false},"author":3,"featured_media":0,"parent":40,"menu_order":0,"comment_status":"closed","ping_status":"open","template":"","meta":{"jetpack_post_was_ever_published":false,"footnotes":""},"class_list":["post-701","page","type-page","status-publish","hentry"],"jetpack_shortlink":"https:\/\/wp.me\/P2XtUo-bj","jetpack_likes_enabled":true,"jetpack_sharing_enabled":true,"_links":{"self":[{"href":"https:\/\/www.b-ok.de\/de\/wp-json\/wp\/v2\/pages\/701","targetHints":{"allow":["GET"]}}],"collection":[{"href":"https:\/\/www.b-ok.de\/de\/wp-json\/wp\/v2\/pages"}],"about":[{"href":"https:\/\/www.b-ok.de\/de\/wp-json\/wp\/v2\/types\/page"}],"author":[{"embeddable":true,"href":"https:\/\/www.b-ok.de\/de\/wp-json\/wp\/v2\/users\/3"}],"replies":[{"embeddable":true,"href":"https:\/\/www.b-ok.de\/de\/wp-json\/wp\/v2\/comments?post=701"}],"version-history":[{"count":1,"href":"https:\/\/www.b-ok.de\/de\/wp-json\/wp\/v2\/pages\/701\/revisions"}],"predecessor-version":[{"id":7960,"href":"https:\/\/www.b-ok.de\/de\/wp-json\/wp\/v2\/pages\/701\/revisions\/7960"}],"up":[{"embeddable":true,"href":"https:\/\/www.b-ok.de\/de\/wp-json\/wp\/v2\/pages\/40"}],"wp:attachment":[{"href":"https:\/\/www.b-ok.de\/de\/wp-json\/wp\/v2\/media?parent=701"}],"curies":[{"name":"wp","href":"https:\/\/api.w.org\/{rel}","templated":true}]}}