{"id":706,"date":"2012-10-01T12:16:27","date_gmt":"2012-10-01T10:16:27","guid":{"rendered":"http:\/\/www.b-ok.de\/?page_id=706"},"modified":"2020-06-18T15:16:52","modified_gmt":"2020-06-18T06:16:52","slug":"glossary","status":"publish","type":"page","link":"https:\/\/www.b-ok.de\/de\/art\/storytelling\/althai\/glossary\/","title":{"rendered":"AlThai &#8211; Glossar"},"content":{"rendered":"<p><strong>Ain<\/strong>: Die Rote der Zwillingssonnen, um die AlThai kreist.<\/p>\n\n\n\n<p><strong>Aixee\u2019arai<\/strong>: Das Ferne Land, die n\u00f6rdliche H\u00e4lfte des Hauptkontinents.<\/p>\n\n\n\n<p><strong>AlThai<\/strong>: Die Rundwelt, Heimat der \u00dcberg\u00f6tter und Herzwelt des Mutliversums.<\/p>\n\n\n\n<p><strong>Aon<\/strong>: Die Blaue der Zwillingssonnen, um die AlThai kreist.<\/p>\n\n\n\n<p><strong>Caishi\u2019tair<\/strong>: Die Riesen, Kinder der Chi\u2019anar Dunkelheit und AlThais selbst. Sie sind ungef\u00e4hr doppelt so gro\u00df wie ein She\u2019tair, leben zur\u00fcckgezogen in den Bergen und unter der Erde. Ihre Rasse schwindet langsam aus dieser Welt. Das \u201etraurige Volk\u201c.<\/p>\n\n\n\n<p><strong>Chi\u2019an<\/strong> (1): Die sch\u00f6pferischen Prinzipien, auf denen das Multiversum fu\u00dft, die Verk\u00f6rperungen des sch\u00f6pferischen Willens, der die Grundlage der Existenz ist.<\/p>\n\n\n\n<p><strong>Chi\u2019an<\/strong> (2): Der zweite Mond AlThais; nach der Erweckung seiner Weltseele von den Pelesh\u2019tair Kora\u2019esh (Exil) genannt.<\/p>\n\n\n\n<p><strong>Chi\u2019anal<\/strong>: Der sch\u00f6pferische Wille, die Erste Sprache (w\u00f6rtliche \u201eZunge des Willens\u201c).<\/p>\n\n\n\n<p><strong>Chi\u2019anar<\/strong>: Die Aspekte der Chi\u2019an, ihre Augen, H\u00e4nde und M\u00fcnder. Sie teilen sich in die Pan, die Nill und die Dorian.<\/p>\n\n\n\n<p><strong>Dorian<\/strong>: Aspekte des physischen Seins. Die L\u00fcste. Die Materielle Ebene.<\/p>\n\n\n\n<p><strong>Fistai<\/strong>: Die im Einen Wald und unter seiner Herrschaft lebenden She\u2019tair. Die gr\u00f6\u00dfte Bev\u00f6lkerungsgruppe unter den \u00dcberg\u00f6ttern AlThais. Das \u201eWaldvolk\u201c.<\/p>\n\n\n\n<p><strong>Fistal<\/strong>: Auf dem She\u2019tal airi basierende, emphatische Sprache der Fistai.<\/p>\n\n\n\n<p><strong>Herr der Blumen, der<\/strong>: Ein Shikai, wohl gr\u00f6\u00dfter Magier dieses Volkes. Er lebt weit au\u00dferhalb des Jahreszeitenreichs, da ihn sein eigenes Volk meidet. Er ver\u00e4ndert seine eigene Essenz zunehmend, um die F\u00e4higkeit zu erlangen, das Chi\u2019anal zu sprechen. Seine F\u00e4higkeiten erlaubten ihm das Unvolk in eigene Diener umzuwandeln, die Wildlinge.<\/p>\n\n\n\n<p><strong>Ithaai<\/strong>: Im S\u00fcden lebendes Volk der She\u2019tair, Verehrer der \u201aStimme\u2019, die sich selbst als die Ersten ihrer Rasse verstehen. Die \u201eGoldenen\u201c oder das \u201egoldene Volk\u201c.<\/p>\n\n\n\n<p><strong>Itha\u2019al<\/strong>: Auf dem She\u2019tal airi basierende, emphatische Sprache der Ithaai.<\/p>\n\n\n\n<p><strong>Katta\u2019arai<\/strong>: Das Sommerland, die s\u00fcdliche Talebene des Hauptkontinents.<\/p>\n\n\n\n<p><strong>Kisil\u2019rae<\/strong>: \u00dcberg\u00f6tter aus einem fremden Multiversum. Ein einziger Kisil\u2019rae konnte sich in das Multiversum der She\u2019tair retten, bevor das seinige vom Pandorian ausgel\u00f6scht wurde. Kisil\u2019rae erscheinen auf der Materiellen Ebene wie Humanoide mit grauer, leicht schuppiger Haut, kleinen H\u00f6rnern und langem Haar. Sie gelten als Kinder der Pan.<\/p>\n\n\n\n<p><strong>Kith\u2019an<\/strong> (1): Verk\u00f6rperungen der die Sch\u00f6pfung differenzierenden Abstrakta, Diener der Chi\u2019an.<\/p>\n\n\n\n<p><strong>Kith\u2019an<\/strong> (2): Der dritte, kleinste und am weitesten entfernte Mond AlThais.<\/p>\n\n\n\n<p><strong>Kristallsph\u00e4re<\/strong>: Anstatt mit voller Kraft einen aufreibenden Kampf gegen eine Welt zu f\u00fchren, strebt die \u201eStimme\u201c eine Verfestigung der M\u00f6glichkeiten an. Durch ein Verfestigen der M\u00f6glichkeiten, wird die Realit\u00e4t einer Welt immer eingeschr\u00e4nkter, immer vern\u00fcnftiger, erkl\u00e4rbar. Alles hat einen Sinn, alles Wissen ist kontrolliert. Sobald der letzte Funken Magie erloschen ist, wird die Welt zu einer vom Rest des Multiversums und auf der Materiellen Ebene gefangenen Kristallsph\u00e4re. Hier gen\u00fcgt es nun ein kleines bisschen Un-Sinn in die Welt zu entlassen und sie wird sich selbst vernichten, da eine erstarrte, vern\u00fcnftige Welt keine Schutzmechanismen gegen die Dinge hat, die nicht sein k\u00f6nnen.<\/p>\n\n\n\n<p><strong>Nill<\/strong>: Aspekte des spirituellen Seins. Die Tr\u00e4ume. Die Traumebene.<\/p>\n\n\n\n<p><strong>Pan<\/strong>: Aspekte des kognitiven Seins. Die Geheimnisse. Die \u00c4therebene.<\/p>\n\n\n\n<p><strong>Pandorian<\/strong>: Aus von der \u201eStimme\u201c korrumpierten Chi\u2019anar geborene Wesenheit, die Antithese des sch\u00f6pferischen Willens.<\/p>\n\n\n\n<p><strong>Pelesh\u2019tair<\/strong>: Mit den Erdgeistern AlThais verbundene She\u2019tair, die ein eigenes Volk bildeten. Das \u201ekleine Volk\u201c.<\/p>\n\n\n\n<p><strong>Pelesh\u2019tal<\/strong>: Erste phonetische Sprache, urspr\u00fcnglich von den Pelesh\u2019tair entwickelt wurde sie nach und nach zu einer Form der \u201eniederen\u201c Allgemeinsprache.<\/p>\n\n\n\n<p><strong>She\u2019tair<\/strong>: Die Mondgeister des Reigens. Die mit der Bewahrung der Welten beauftragten \u00dcberg\u00f6tter dieses Multiversums. Auf der Materiellen Ebene erscheinen sie wie Humanoide mit schillernd-blasser Haut und sind von schrecklicher Sch\u00f6nheit. Sie k\u00f6nnen als Vorbilder der sterblichen Elben verstanden werden. She\u2019tair sind an die Gezeiten gebunden, so dass sich ihre Pers\u00f6nlichkeit mit der Tageszeit \u00e4ndert &#8211; bei dem einen drastisch, bei der anderen fast kaum merklich. Jeder She\u2019tair hat eine lichte, eine dunkle und eine zwielichtige Seite &#8211; nur die Ithaai besitzen eine feste Pers\u00f6nlichkeit, eine Identit\u00e4t. Die She\u2019tair gelten als Kinder der Nill.<\/p>\n\n\n\n<p><strong>She\u2019tal airi<\/strong>: Die semi-telepathische, emphatische Sprache der Mondgeister She\u2019tans, die sich direkt vom Chi\u2019anal ableitet (w\u00f6rtlich \u201ealte Volkszunge\u201c).<\/p>\n\n\n\n<p><strong>She\u2019tan<\/strong>: Der erste und n\u00e4chste Mond AlThais, Geburtsort der \u00dcberg\u00f6tter. Wurde durch den Pandorian fast vollkommen vernichtet.<\/p>\n\n\n\n<p><strong>Shikai<\/strong>: Das den Norden beherrschende Volk der She\u2019tair, die Herren des Jahreszeitenreichs. Das \u201eNordvolk\u201c.<\/p>\n\n\n\n<p><strong>Shika\u2019al<\/strong>: Auf dem She\u2019tal airi basierende, emphatisch und halb-magische Sprache der Shikai.<\/p>\n\n\n\n<p><strong>Stimme, die<\/strong>: Das Fl\u00fcstern aus der Nicht-Existenz, der unzeitliche Widersacher von Zeit und Existenz. Die Existenz schmerzt die unendliche Vielfalt des Omnil, so dass es gegen sie ausschl\u00e4gt. Der Pandorian ist dabei seine m\u00e4chtigste Waffe. Die Erschaffung und Zerst\u00f6rung von Kristallsph\u00e4ren ist seine neueste und effektivste Taktik.<\/p>\n\n\n\n<p><strong>\u00dcbergottheit<\/strong>: Unsterbliches Wesen, das eine Welt in seinem Herzen tr\u00e4gt, um diese zu bewahren und zu gestalten. Jedoch wissen \u00dcberg\u00f6tter nicht um ihre Aufgabe, sondern erf\u00fcllen sie in ihren Tr\u00e4umen. In diesem Multiversum sind dies die She\u2019tair. Aus anderen, bereits ausgel\u00f6schten Mulitversen sind die Kisil\u2019rae und die Wan bekannt.<\/p>\n\n\n\n<p><strong>Unvolk<\/strong>: Die von den Ithaai geschaffenen Huminiden, die man sp\u00e4ter als Menschen kennt.<\/p>\n\n\n\n<p><strong>Vaskai<\/strong>: In der equitorialen W\u00fcste und auf dem Meer lebende \u00dcberg\u00f6tter; H\u00e4ndler und Entdecker. Das \u201eW\u00fcstenvolk\u201c.<\/p>\n\n\n\n<p><strong>Vaska\u2019al<\/strong>: Auf dem She\u2019tal airi basierende, emphatische Sprache der Vaskai.<\/p>\n\n\n\n<p><strong>Wald, der Eine<\/strong>: Der Gro\u00dfe Dschungel, der Wald der Urzeit oder einfach Der Eine Wald, wie ihn die Fistai nennen, ist fast \u00fcberall. Er ist der Herr dieses Kontinents und Ursprung allen Lebens, das nicht von den Chi\u2019an direkt gegeben worden ist. Er ist Chaos. In ihm gibt es mehr Baum- und Pflanzenarten als je ein Wesen mit Namen versehen k\u00f6nnte. Nichts hat Bestand in ihm, denn alles wandelt sich, w\u00e4chst und gebiert neues. Die B\u00e4ume haben Beine im Wald, hei\u00dft ein altes Sprichwort. Ein Baum ist hier kein fester Bezugspunkt. Die B\u00e4ume haben ihren eigenen Willen so scheint es. Der Wald ist Natur ohne Grenzen und erstreckt sich \u00fcber alle Ebenen der Existenz.<\/p>\n\n\n\n<p><strong>Wan<\/strong>: \u00dcberg\u00f6tter aus einem fremden Multiversum. Zwei Wan konnten sich in das Multiversum der She\u2019tair retten, bevor das ihrige vom Pandorian ausgel\u00f6scht wurde. Wan erscheinen auf der Materiellen Ebene in \u00e4hnlicher Gestalt wie die She\u2019tair mit dem Unterschied, dass sie drei Augen und vier Arme besitzen. Immer zwei gehen eine Art Symbiose ein. Sie gelten als Kinder der Pan.<\/p>\n\n\n\n<p><strong>Wildlinge<\/strong>: Vom Herren der Blumen aus Menschen und Caishi\u2019tair-Blut gez\u00fcchtete Humanoide von gro\u00dfer Aggressivit\u00e4t. Sie \u00e4hneln Menschen, sind aber behaarter und haben w\u00f6lfische oder feline Gesichtsz\u00fcge.<\/p>","protected":false},"excerpt":{"rendered":"<p>Ain: Die Rote der Zwillingssonnen, um die AlThai kreist. Aixee\u2019arai: Das Ferne Land, die&#8230; <a class=\"read-more\" href=\"https:\/\/www.b-ok.de\/de\/art\/storytelling\/althai\/glossary\/\">Read More<\/a><\/p>\n","protected":false},"author":3,"featured_media":0,"parent":701,"menu_order":0,"comment_status":"closed","ping_status":"open","template":"","meta":{"jetpack_post_was_ever_published":false,"footnotes":""},"class_list":["post-706","page","type-page","status-publish","hentry"],"jetpack_shortlink":"https:\/\/wp.me\/P2XtUo-bo","jetpack_likes_enabled":true,"jetpack_sharing_enabled":true,"_links":{"self":[{"href":"https:\/\/www.b-ok.de\/de\/wp-json\/wp\/v2\/pages\/706","targetHints":{"allow":["GET"]}}],"collection":[{"href":"https:\/\/www.b-ok.de\/de\/wp-json\/wp\/v2\/pages"}],"about":[{"href":"https:\/\/www.b-ok.de\/de\/wp-json\/wp\/v2\/types\/page"}],"author":[{"embeddable":true,"href":"https:\/\/www.b-ok.de\/de\/wp-json\/wp\/v2\/users\/3"}],"replies":[{"embeddable":true,"href":"https:\/\/www.b-ok.de\/de\/wp-json\/wp\/v2\/comments?post=706"}],"version-history":[{"count":1,"href":"https:\/\/www.b-ok.de\/de\/wp-json\/wp\/v2\/pages\/706\/revisions"}],"predecessor-version":[{"id":7962,"href":"https:\/\/www.b-ok.de\/de\/wp-json\/wp\/v2\/pages\/706\/revisions\/7962"}],"up":[{"embeddable":true,"href":"https:\/\/www.b-ok.de\/de\/wp-json\/wp\/v2\/pages\/701"}],"wp:attachment":[{"href":"https:\/\/www.b-ok.de\/de\/wp-json\/wp\/v2\/media?parent=706"}],"curies":[{"name":"wp","href":"https:\/\/api.w.org\/{rel}","templated":true}]}}