{"id":709,"date":"2012-10-01T12:18:15","date_gmt":"2012-10-01T10:18:15","guid":{"rendered":"http:\/\/www.b-ok.de\/?page_id=709"},"modified":"2020-06-18T15:16:52","modified_gmt":"2020-06-18T06:16:52","slug":"characters","status":"publish","type":"page","link":"https:\/\/www.b-ok.de\/de\/art\/storytelling\/althai\/characters\/","title":{"rendered":"AlThai &#8211; Charaktere"},"content":{"rendered":"<p>Hier m\u00f6chte ich einige der Hauptfiguren meiner Welt AlThai vorstellen.<\/p>\n\n\n\n<h2 class=\"wp-block-heading\">Haei<\/h2>\n\n\n\n<div class=\"wp-block-image\"><figure class=\"alignleft\"><a href=\"https:\/\/www.b-ok.de\/wp-content\/uploads\/2012\/10\/haei.png\"><img loading=\"lazy\" decoding=\"async\" width=\"114\" height=\"144\" src=\"https:\/\/www.b-ok.de\/wp-content\/uploads\/2012\/10\/haei.png\" alt=\"\" class=\"wp-image-727\" title=\"Haei\"\/><\/a><\/figure><\/div>\n\n\n\n<p><strong>Volk<\/strong>: Pelesh\u2019tair<br>\n<strong>Geschlecht<\/strong>: w; <strong>Alter<\/strong>: 247<br>\nTr\u00e4gerin der Zwei Schwerter.<\/p>\n\n\n\n<p><em>Haei ist die letzte \u00dcberlebende ihres Stammes, der in einer Schlacht gegen die wilden Untoten General Lons ausgel\u00f6scht wurde. Sie wurde von dem Kyien\u2019tair Malach\u2019Athar gerettet und findet sich seit dem zwischen den Fronten der einstigen Liebhaber Malach\u2019Athar und Lae\u2019kear, dem Chi\u2019anar des Todes und seinem Auserw\u00e4hlten wieder. Auch wurde sie mit der Aufgabe betraut, zwei zersplitterte St\u00e4mme wieder zusammenzuf\u00fchren und sie zu den Vaskai zu geleiten.<\/em><\/p>\n\n\n\n<h2 class=\"wp-block-heading\">Malach\u2019Athar<\/h2>\n\n\n\n<div class=\"wp-block-image\"><figure class=\"alignleft\"><a href=\"https:\/\/www.b-ok.de\/wp-content\/uploads\/2012\/10\/malachathar.jpg\"><img loading=\"lazy\" decoding=\"async\" width=\"108\" height=\"122\" src=\"https:\/\/www.b-ok.de\/wp-content\/uploads\/2012\/10\/malachathar.jpg\" alt=\"\" class=\"wp-image-726\" title=\"Malach'Athar\"\/><\/a><\/figure><\/div>\n\n\n\n<p><strong>Volk<\/strong>: Pelesh\u2019tair (Kyien\u2019tair)<br>\n<strong>Geschlecht<\/strong>: m; <strong>Alter<\/strong>: ca. 32.000<br>\nDiener der F\u00fcrsten des Todes; der Wanderer.<\/p>\n\n\n\n<p><em>Malach\u2019Athar ist einer der wenigen noch existierenden Dreimalgeborenen, d.h. seine Seele ist seit der Ankunft der She\u2019tair auf AlThai nur zweimal reinkarniert. Als die F\u00fcrsten der Pelesh\u2019tair sich dem Hohen Rat widersetzten und in einem f\u00fcrchterlichen Ritual fast alle Pelesh\u2019tair vernichteten, gelang es ihm wie den anderen Ratsmitgliedern seine Lebensenergie in seinem sterbenden K\u00f6rper einzuschlie\u00dfen. W\u00e4hrend alle anderen Kyien\u2019tair den neuen Todesf\u00fcrsten den Krieg erkl\u00e4rten, schloss er sich diesen an, als er ihre Reue erkannte. Auch dies f\u00fchrte zu einer Entzweiung mit seinem Geliebten Lae\u2019kear.<\/em><\/p>\n\n\n\n<h2 class=\"wp-block-heading\">Lae\u2019kear<\/h2>\n\n\n\n<div class=\"wp-block-image\"><figure class=\"alignleft\"><a href=\"https:\/\/www.b-ok.de\/wp-content\/uploads\/2012\/10\/laekear.jpg\"><img loading=\"lazy\" decoding=\"async\" width=\"108\" height=\"136\" src=\"https:\/\/www.b-ok.de\/wp-content\/uploads\/2012\/10\/laekear.jpg\" alt=\"\" class=\"wp-image-725\" title=\"Lae'kear\"\/><\/a><\/figure><\/div>\n\n\n\n<p><strong>Volk<\/strong>: Pelesh\u2019tair (Kyien\u2019tair)<br>\n<strong>Geschlecht<\/strong>: m; <strong>Alter<\/strong>: ca. 32.500<br>\nDer Blutf\u00fcrst; Auserw\u00e4hlter des Todes.<\/p>\n\n\n\n<p><em>Der Zweimalgeborene Lae\u2019kear ist als Albino sofort als ein Auserw\u00e4hlter zu erkennen. Da auch er sich in einen untoten Kyien\u2019tair verwandelte, um zu \u201a\u00fcberleben\u2018, zerbrach jedoch das Band zu seinem Chi\u2019anar, Tod. Dies und ebenso die Entfremdung zu seinem einstigen Geliebten, haben ihn zu einem verbitterten Monster werden lassen. In seiner Festung auf der Negativen Ebene experimentiert er mit und erdenkt immer neue Formen grotesker Untoter, so dass er Meister einer enormen Armee des Grauens geworden ist. Ihm ist es gelungen, einen weiteren Kyien\u2019tair zu erschaffen, der aber von Haei vernichtet wurde.<\/em><\/p>\n\n\n\n<h2 class=\"wp-block-heading\">Shae\u2019real<\/h2>\n\n\n\n<div class=\"wp-block-image\"><figure class=\"alignleft\"><a href=\"https:\/\/www.b-ok.de\/wp-content\/uploads\/2012\/10\/shaereal.png\"><img loading=\"lazy\" decoding=\"async\" width=\"130\" height=\"160\" src=\"https:\/\/www.b-ok.de\/wp-content\/uploads\/2012\/10\/shaereal.png\" alt=\"\" class=\"wp-image-724\" title=\"Shae'real\"\/><\/a><\/figure><\/div>\n\n\n\n<p><strong>Volk<\/strong>: Pelesh\u2019tair (Kyien\u2019tair)<br>\n<strong>Geschlecht<\/strong>: m; <strong>Alter<\/strong>: ca. 31.500<br>\nDer Trauernde; das Wahnsinnige Auge.<\/p>\n\n\n\n<p><em>Auch der Dritte des Rates, Shae\u2019real konnte sich in den Untot retten, verlor dabei aber jede Verbindung zur Zeit und befindet sich im Zustand absoluter Gleichzeitigkeit. Das bedeutet, er nimmt Vergangenheit, Gegenwart und Zukunft gleichzeitig war, was ihn in den Wahnsinn trieb. In seltenen F\u00e4llen gelingt es ihm, sich auf einen Zeitpunkt zu konzentrieren, so dass er jedes zweite oder dritte Jahrtausend eine Prophezeiung aussprechen kann. Er kennt Haeis Rolle in der \u00d6ffnung der Barriere, beh\u00e4lt dieses Wissen aber f\u00fcr sich.<\/em><\/p>","protected":false},"excerpt":{"rendered":"<p>Hier m\u00f6chte ich einige der Hauptfiguren meiner Welt AlThai vorstellen. Haei Volk: Pelesh\u2019tair Geschlecht:&#8230; <a class=\"read-more\" href=\"https:\/\/www.b-ok.de\/de\/art\/storytelling\/althai\/characters\/\">Read More<\/a><\/p>\n","protected":false},"author":3,"featured_media":0,"parent":701,"menu_order":0,"comment_status":"closed","ping_status":"open","template":"","meta":{"jetpack_post_was_ever_published":false,"footnotes":""},"class_list":["post-709","page","type-page","status-publish","hentry"],"jetpack_shortlink":"https:\/\/wp.me\/P2XtUo-br","jetpack_likes_enabled":true,"jetpack_sharing_enabled":true,"_links":{"self":[{"href":"https:\/\/www.b-ok.de\/de\/wp-json\/wp\/v2\/pages\/709","targetHints":{"allow":["GET"]}}],"collection":[{"href":"https:\/\/www.b-ok.de\/de\/wp-json\/wp\/v2\/pages"}],"about":[{"href":"https:\/\/www.b-ok.de\/de\/wp-json\/wp\/v2\/types\/page"}],"author":[{"embeddable":true,"href":"https:\/\/www.b-ok.de\/de\/wp-json\/wp\/v2\/users\/3"}],"replies":[{"embeddable":true,"href":"https:\/\/www.b-ok.de\/de\/wp-json\/wp\/v2\/comments?post=709"}],"version-history":[{"count":1,"href":"https:\/\/www.b-ok.de\/de\/wp-json\/wp\/v2\/pages\/709\/revisions"}],"predecessor-version":[{"id":7961,"href":"https:\/\/www.b-ok.de\/de\/wp-json\/wp\/v2\/pages\/709\/revisions\/7961"}],"up":[{"embeddable":true,"href":"https:\/\/www.b-ok.de\/de\/wp-json\/wp\/v2\/pages\/701"}],"wp:attachment":[{"href":"https:\/\/www.b-ok.de\/de\/wp-json\/wp\/v2\/media?parent=709"}],"curies":[{"name":"wp","href":"https:\/\/api.w.org\/{rel}","templated":true}]}}