{"id":736,"date":"2012-10-01T12:49:09","date_gmt":"2012-10-01T10:49:09","guid":{"rendered":"http:\/\/www.b-ok.de\/?page_id=736"},"modified":"2020-06-18T15:16:52","modified_gmt":"2020-06-18T06:16:52","slug":"glossary","status":"publish","type":"page","link":"https:\/\/www.b-ok.de\/de\/art\/storytelling\/koraesh\/glossary\/","title":{"rendered":"Kora&#8217;esh &#8211; Glossar"},"content":{"rendered":"<p><strong>Ain<\/strong>: Die Rote der Zwillingssonnen, um die AlThai und Kora\u2019esh kreisen.<\/p>\n\n\n\n<p><strong>AlThai<\/strong>: Die Rundwelt, Heimat der \u00dcberg\u00f6tter und Herzwelt des Mutliversums.<\/p>\n\n\n\n<p><strong>Aon<\/strong>: Die Blaue der Zwillingssonnen, um die AlThai und Kora\u2019esh kreisen.<\/p>\n\n\n\n<p><strong>Chi\u2019an<\/strong> (1): Die sch\u00f6pferischen Prinzipien, auf denen das Multiversum fu\u00dft, die Verk\u00f6rperungen des sch\u00f6pferischen Willens, der die Grundlage der Existenz ist.<\/p>\n\n\n\n<p><strong>Chi\u2019an<\/strong> (2): Der zweite Mond AlThais; nach der Erweckung seiner Weltseele von den Pelesh\u2019tair Kora\u2019esh (Exil) genannt.<\/p>\n\n\n\n<p><strong>Created<\/strong>: Die von der \u00dcbergottheit und der Weltenseele Kora\u2019eshs erschaffenen Wesen, die Bewohner des Geisterreiches. Es gibt die Geister des Lichts, der Dunkelheit und der Schatten.<\/p>\n\n\n\n<p><strong>Kith\u2019an<\/strong> (1): Verk\u00f6rperungen der die Sch\u00f6pfung differenzierenden Abstrakta, Diener der Chi\u2019an.<\/p>\n\n\n\n<p><strong>Kith\u2019an<\/strong> (2): Der dritte, kleinste und am weitesten entfernte Mond AlThais.<\/p>\n\n\n\n<p><strong>Kristallsph\u00e4re<\/strong>: Anstatt mit voller Kraft einen aufreibenden Kampf gegen eine Welt zu f\u00fchren, strebt die \u201eStimme\u201c eine Verfestigung der M\u00f6glichkeiten an. Durch ein Verfestigen der M\u00f6glichkeiten, wird die Realit\u00e4t einer Welt immer eingeschr\u00e4nkter, immer vern\u00fcnftiger, erkl\u00e4rbar. Alles hat einen Sinn, alles Wissen ist kontrolliert. Sobald der letzte Funken Magie erloschen ist, wird die Welt zu einer vom Rest des Multiversums und auf der Materiellen Ebene gefangenen Kristallsph\u00e4re. Hier gen\u00fcgt es nun ein kleines bisschen Un-Sinn in die Welt zu entlassen und sie wird sich selbst vernichten, da eine erstarrte, vern\u00fcnftige Welt keine Schutzmechanismen gegen die Dinge hat, die nicht sein k\u00f6nnen.<\/p>\n\n\n\n<p><strong>Pelesh\u2019tair<\/strong>: Mit den Erdgeistern AlThais verbundene She\u2019tair, die ein eigenes Volk bildeten. Das \u201ekleine Volk\u201c. Eine gro\u00dfe Gruppe von ihnen begleitete die Menschen und Wildlinge auf den Mond Chi\u2019an, wo sie diese bewachen sollten. Sie zogen sich aber bald in eine eigene Ebene, das Waldreich, zur\u00fcck.<\/p>\n\n\n\n<p><strong>She\u2019tan<\/strong>: Der erste und n\u00e4chste Mond AlThais, Geburtsort der \u00dcberg\u00f6tter.<\/p>\n\n\n\n<p><strong>Stimme, die<\/strong>: Das Fl\u00fcstern aus der Nicht-Existenz, der unzeitliche Widersacher von Zeit und Existenz. Die Existenz schmerzt die unendliche Vielfalt des Omnil, so dass es gegen sie ausschl\u00e4gt. Der Pandorian ist dabei seine m\u00e4chtigste Waffe. Die Erschaffung und Zerst\u00f6rung von Kristallsph\u00e4ren ist seine neueste und effektivste Taktik.<\/p>\n\n\n\n<p><strong>\u00dcbergottheit<\/strong>: Unsterbliches Wesen, das eine Welt in seinem Herzen tr\u00e4gt, um diese zu bewahren und zu gestalten. Jedoch wissen \u00dcberg\u00f6tter nicht um ihre Aufgabe, sondern erf\u00fcllen sie in ihren Tr\u00e4umen. In diesem Multiversum sind dies die She\u2019tair. Aus anderen, bereits ausgel\u00f6schten Mulitversen sind die Kisil\u2019rae und die Wan bekannt.<\/p>\n\n\n\n<p><strong>Wildlinge<\/strong>: Sie sind von \u00e4hnlicher Statur wie Menschen, in der Regel st\u00e4rker behaart und weisen leicht w\u00f6lfische oder feline Gesichtsz\u00fcge auf. Wildlinge sind Nomaden, die am zahlreichsten in den n\u00f6rdlichen Gebirgen sind. Ihre Gesellschaft ist meist meritokratisch organisiert, wobei aber auch den \u00c4lteren eines Stammes gro\u00dfer Respekt gezollt wird.<\/p>","protected":false},"excerpt":{"rendered":"<p>Ain: Die Rote der Zwillingssonnen, um die AlThai und Kora\u2019esh kreisen. AlThai: Die Rundwelt,&#8230; <a class=\"read-more\" href=\"https:\/\/www.b-ok.de\/de\/art\/storytelling\/koraesh\/glossary\/\">Read More<\/a><\/p>\n","protected":false},"author":3,"featured_media":0,"parent":734,"menu_order":0,"comment_status":"closed","ping_status":"open","template":"","meta":{"jetpack_post_was_ever_published":false,"footnotes":""},"class_list":["post-736","page","type-page","status-publish","hentry"],"jetpack_shortlink":"https:\/\/wp.me\/P2XtUo-bS","jetpack_likes_enabled":true,"jetpack_sharing_enabled":true,"_links":{"self":[{"href":"https:\/\/www.b-ok.de\/de\/wp-json\/wp\/v2\/pages\/736","targetHints":{"allow":["GET"]}}],"collection":[{"href":"https:\/\/www.b-ok.de\/de\/wp-json\/wp\/v2\/pages"}],"about":[{"href":"https:\/\/www.b-ok.de\/de\/wp-json\/wp\/v2\/types\/page"}],"author":[{"embeddable":true,"href":"https:\/\/www.b-ok.de\/de\/wp-json\/wp\/v2\/users\/3"}],"replies":[{"embeddable":true,"href":"https:\/\/www.b-ok.de\/de\/wp-json\/wp\/v2\/comments?post=736"}],"version-history":[{"count":1,"href":"https:\/\/www.b-ok.de\/de\/wp-json\/wp\/v2\/pages\/736\/revisions"}],"predecessor-version":[{"id":7967,"href":"https:\/\/www.b-ok.de\/de\/wp-json\/wp\/v2\/pages\/736\/revisions\/7967"}],"up":[{"embeddable":true,"href":"https:\/\/www.b-ok.de\/de\/wp-json\/wp\/v2\/pages\/734"}],"wp:attachment":[{"href":"https:\/\/www.b-ok.de\/de\/wp-json\/wp\/v2\/media?parent=736"}],"curies":[{"name":"wp","href":"https:\/\/api.w.org\/{rel}","templated":true}]}}