{"id":8,"date":"2011-06-09T20:36:13","date_gmt":"2011-06-09T11:36:13","guid":{"rendered":"http:\/\/localhost:8888\/?page_id=7"},"modified":"2020-06-18T15:16:52","modified_gmt":"2020-06-18T06:16:52","slug":"art","status":"publish","type":"page","link":"https:\/\/www.b-ok.de\/de\/art\/","title":{"rendered":"Kunst"},"content":{"rendered":"<p>Das Erz\u00e4hlen von Geschichten ist eine der K\u00fcnste, die ich sehr wertsch\u00e4tze. Es spielt f\u00fcr mich dabei keine Rolle, ob es sich um einen Roman oder einen Film, um einen manga oder um ein Theaterst\u00fcck handelt, so lange die Geschichte lebhaft und faszinierend ist. Andererseits geh\u00f6rt das eigene Geschichtenerz\u00e4hlen, das Zeichnen von dazugeh\u00f6renden Bildern und das Theaterspielen zu den Dingen, die mich seit meiner Kindheit erfreuen. So fiel es mir nicht schwer, mich bei Rollen- und Erz\u00e4hlspielen wie Vampire oder Changeling zuhause zu f\u00fchlen. Hier bot sich mir eine Plattform, die alle meine drei Leidenschaften verbindet.<\/p>\n\n\n\n<p><strong>Zeichnungen<\/strong><\/p>\n\n\n\n<p>Meine Zeichnungen umfassen in der Regel humanoide Wesen wie Elben, Vampire oder D\u00e4monen, die meine Rollenspielwelten bev\u00f6lkern. Die meisten sind meine eigenen Figuren, w\u00e4hrend einige meine Vorstellung von Charakteren meiner Spieler darstellen. Weitere Informationen zu einzelnen Charakteren lassen sich im Abschnitt Geschichten finden. Seit einiger Zeit versuche ich mich auch an Figuren aus Romanen, die ich gelesen habe.<br>\nNormalerweise verwende ich normales, wei\u00dfes Papier und verschieden starke Bleistifte f\u00fcr meine Zeichnungen.<br>\nBeispielarbeiten k\u00f6nnen <a title=\"Drawings\" href=\"https:\/\/www.b-ok.de\/art\/drawings\/\">hier<\/a> eingesehen werden.<\/p>\n\n\n\n<p><strong>Geschichten<\/strong><\/p>\n\n\n\n<p>Verschiedene \u201eWelten\u201d bilden die Schaupl\u00e4tze f\u00fcr mein Geschichtenerz\u00e4hlen \u2013 sei es als Spielleiter (SL) oder Erz\u00e4hler in einem Rollenspiel oder als Autor von Kurzgeschichten \u00fcber meine Lieblingscharaktere. Eine meiner l\u00e4ngsten Kampagnen spielte auf der Insel Lodoss (Record of Lodoss War). W\u00e4hrend diese Spielabende zwar die besten waren, die ich erlebt habe, werde ich sie hier aus Urheberrechtsgr\u00fcnden nicht ver\u00f6ffentlichen. Meine eigenen Welten finden sich <a title=\"Storytelling\" href=\"https:\/\/www.b-ok.de\/art\/storytelling\/\">hier<\/a>.<\/p>\n\n\n\n<p><strong>Kommissionen<\/strong><\/p>\n\n\n\n<p>Informationen zu Auftragsarbeiten folgen hier demn\u00e4chst.<\/p>","protected":false},"excerpt":{"rendered":"<p>Das Erz\u00e4hlen von Geschichten ist eine der K\u00fcnste, die ich sehr wertsch\u00e4tze. Es spielt f\u00fcr mich dabei keine Rolle, ob es sich um einen Roman oder einen Film, um einen manga oder um ein Theaterst\u00fcck handelt, so lange die Geschichte lebhaft und faszinierend ist. Andererseits geh\u00f6rt das eigene Geschichtenerz\u00e4hlen, das Zeichnen von dazugeh\u00f6renden Bildern und das Theaterspielen zu den Dingen, die mich seit meiner Kindheit erfreuen. So fiel es mir nicht schwer, mich bei Rollen- und Erz\u00e4hlspielen wie Vampire oder Changeling zuhause zu f\u00fchlen. Hier bot sich mir eine Plattform, die alle meine drei Leidenschaften verbindet.<\/p>\n","protected":false},"author":3,"featured_media":7768,"parent":0,"menu_order":1,"comment_status":"closed","ping_status":"closed","template":"","meta":{"jetpack_post_was_ever_published":false,"footnotes":""},"class_list":["post-8","page","type-page","status-publish","has-post-thumbnail","hentry"],"jetpack_shortlink":"https:\/\/wp.me\/P2XtUo-8","jetpack_likes_enabled":true,"jetpack_sharing_enabled":true,"_links":{"self":[{"href":"https:\/\/www.b-ok.de\/de\/wp-json\/wp\/v2\/pages\/8","targetHints":{"allow":["GET"]}}],"collection":[{"href":"https:\/\/www.b-ok.de\/de\/wp-json\/wp\/v2\/pages"}],"about":[{"href":"https:\/\/www.b-ok.de\/de\/wp-json\/wp\/v2\/types\/page"}],"author":[{"embeddable":true,"href":"https:\/\/www.b-ok.de\/de\/wp-json\/wp\/v2\/users\/3"}],"replies":[{"embeddable":true,"href":"https:\/\/www.b-ok.de\/de\/wp-json\/wp\/v2\/comments?post=8"}],"version-history":[{"count":1,"href":"https:\/\/www.b-ok.de\/de\/wp-json\/wp\/v2\/pages\/8\/revisions"}],"predecessor-version":[{"id":7957,"href":"https:\/\/www.b-ok.de\/de\/wp-json\/wp\/v2\/pages\/8\/revisions\/7957"}],"wp:featuredmedia":[{"embeddable":true,"href":"https:\/\/www.b-ok.de\/de\/wp-json\/wp\/v2\/media\/7768"}],"wp:attachment":[{"href":"https:\/\/www.b-ok.de\/de\/wp-json\/wp\/v2\/media?parent=8"}],"curies":[{"name":"wp","href":"https:\/\/api.w.org\/{rel}","templated":true}]}}